{"id":295,"date":"2018-06-07T06:42:06","date_gmt":"2018-06-07T06:42:06","guid":{"rendered":"http:\/\/multipurpose.loc\/hotel\/?page_id=295"},"modified":"2021-03-06T20:36:39","modified_gmt":"2021-03-06T20:36:39","slug":"room-suits","status":"publish","type":"page","link":"https:\/\/schwarzwald-sonnenhof.de\/en\/room-suits","title":{"rendered":"Zimmer"},"content":{"rendered":"<div class=\"container vc_container\" ><div class=\"vc_row wpb_row vc_row-fluid\"><div class=\"wpb_column vc_column_container vc_col-sm-12\">\n    <div class=\"vc_column-inner\">\n        <div class=\"wpb_wrapper\">\n            <h5 style=\"font-size: 90px;color: #e8d0b8;text-align: center;font-family:Herr Von Muellerhoff;font-weight:400;font-style:normal\" class=\"vc_custom_heading   text-center\">Einzigartiges Wohn- und Wohlgef\u00fchl<\/h5><div class=\"vc_empty_space\"   style=\"height: 32px\"><span class=\"vc_empty_space_inner\"><\/span><\/div>\n\t<div class=\"wpb_text_column wpb_content_element\" >\n\t\t<div class=\"wpb_wrapper\">\n\t\t\t<p>Schauen Sie sich um. Welches Zimmer oder Suite entspricht Ihren W\u00fcnschen? Werfen Sie einen Blick auf das variantenreiche Inklusivprogramm und auf aktuelle Angebote.<\/p>\n<p>Ger\u00e4umige und lichtdurchflutete Doppelzimmer. Nat\u00fcrliche, behagliche Wohnqualit\u00e4t mit viel Holz und hochwertigen Naturtextilien und individuelle Gestaltung der Zimmer. Gro\u00dfz\u00fcgige B\u00e4der mit Luxus-Dusche, F\u00f6n, digitales Fernsehen, WiFi-Internetanschluss, Safe und Minibar.<\/p>\n\n\t\t<\/div>\n\t<\/div>\n\n<div class=\"stm_wp_hotelier_rooms_list stm_wp_hotelier_rooms_list_style_1 sm_mgt_0 post-295 page type-page status-publish hentry\">\n    <div class=\"stm-rooms-types\">\n\t\t                <ul class=\"list-unstyled\">\n\t\t\t\t\t                        <li class=\"active\" data-type=\"komfort\">\n                            <a href=\"https:\/\/schwarzwald-sonnenhof.de\/en\/room-suits?room_type=komfort\" class=\"mbdc sbc_a\">\n\t\t\t\t\t\t\t\tKomfort                            <\/a>\n                        <\/li>\n\t\t\t\t\t                        <li data-type=\"deluxe\">\n                            <a href=\"https:\/\/schwarzwald-sonnenhof.de\/en\/room-suits?room_type=deluxe\" class=\"mbdc sbc_a\">\n\t\t\t\t\t\t\t\tDeluxe                            <\/a>\n                        <\/li>\n\t\t\t\t\t                        <li data-type=\"juniorsuite\">\n                            <a href=\"https:\/\/schwarzwald-sonnenhof.de\/en\/room-suits?room_type=juniorsuite\" class=\"mbdc sbc_a\">\n\t\t\t\t\t\t\t\tJunior Suite                            <\/a>\n                        <\/li>\n\t\t\t\t\t                        <li data-type=\"landhausstudios\">\n                            <a href=\"https:\/\/schwarzwald-sonnenhof.de\/en\/room-suits?room_type=landhausstudios\" class=\"mbdc sbc_a\">\n\t\t\t\t\t\t\t\tCountryside studios                            <\/a>\n                        <\/li>\n\t\t\t\t\t                        <li data-type=\"ferienwohnung\">\n                            <a href=\"https:\/\/schwarzwald-sonnenhof.de\/en\/room-suits?room_type=ferienwohnung\" class=\"mbdc sbc_a\">\n\t\t\t\t\t\t\t\tFerienwohnung                            <\/a>\n                        <\/li>\n\t\t\t\t\t                <\/ul>\n\t\t\t    <\/div>\n\n    <div class=\"room-list-wrapper\">\n\t\t\t\t\t\n\n\t\t\t\t\n                    <div class=\"stm-rooms-list komfort\">\n\t\t\t\t\t\t            <div class=\"room\">\n                <div class=\"inner\">\n                    <div class=\"room__image\">\n                        <a href=\"https:\/\/schwarzwald-sonnenhof.de\/en\/rooms\/komfort\">\n\t\t\t\t\t\t\t<img srcset=\"https:\/\/schwarzwald-sonnenhof.de\/wp-content\/uploads\/2018\/06\/50-scaled-740x420.jpg 2x\" class=\"\" src=\"https:\/\/schwarzwald-sonnenhof.de\/wp-content\/uploads\/2018\/06\/50-scaled-370x210.jpg\" width=\"370\" height=\"210\" alt=\"50\" title=\"50\" \/>                            <div class=\"room__price mbc heading_font\">\n                                <span><span>From<\/span> 109,00&euro;<\/span>                            <\/div>\n                        <\/a>\n                    <\/div>\n\n                    <div class=\"room__content\">\n                        <div class=\"room__title\">\n                            <h3>\n                                <a class=\"ttc no_deco mtc_h\" href=\"https:\/\/schwarzwald-sonnenhof.de\/en\/rooms\/komfort\">\n\t\t\t\t\t\t\t\t\tComfort room                                <\/a>\n                            <\/h3>\n                        <\/div>\n                        <div class=\"room__excerpt\">\n\t\t\t\t\t\t\tStandard comfort for little money <\/br>\r\nMaximum occupancy:                        <\/div>\n\n\t\t\t\t\t\t\n<div class=\"room_info\">\n\t\t\t\t\t\t<div class=\"room_info__single\">\n\t\t\t\t<i class=\"mtc stmicon-guest\"><\/i>\n\t\t\t\t<span class=\"ttc heading_font_family\">2<\/span>\n\t\t\t<\/div>\n\t\t\t\t\t\t\t\t<div class=\"room_info__single\">\n\t\t\t\t<i class=\"mtc stmicon-nipple\"><\/i>\n\t\t\t\t<span class=\"ttc heading_font_family\">1<\/span>\n\t\t\t<\/div>\n\t\t\t\t\t\t\t\t<div class=\"room_info__single\">\n\t\t\t\t<i class=\"mtc stmicon-ruler\"><\/i>\n\t\t\t\t<span class=\"ttc heading_font_family\">25<\/span>\n\t\t\t<\/div>\n\t\t\t<\/div>\n\n                    <\/div>\n                <\/div>\n            <\/div>\n\t\t\t                    <\/div>\n\n\t\t\t\t\n\t\t\t\t\n\n\t\t\t\t\n                    <div class=\"stm-rooms-list deluxe\">\n\t\t\t\t\t\t            <div class=\"room\">\n                <div class=\"inner\">\n                    <div class=\"room__image\">\n                        <a href=\"https:\/\/schwarzwald-sonnenhof.de\/en\/rooms\/komfortdelux\">\n\t\t\t\t\t\t\t<img srcset=\"https:\/\/schwarzwald-sonnenhof.de\/wp-content\/uploads\/2018\/06\/9-scaled-740x420.jpg 2x\" class=\"\" src=\"https:\/\/schwarzwald-sonnenhof.de\/wp-content\/uploads\/2018\/06\/9-scaled-370x210.jpg\" width=\"370\" height=\"210\" alt=\"9\" title=\"9\" \/>                            <div class=\"room__price mbc heading_font\">\n                                <span><span>From<\/span> 124,00&euro;<\/span>                            <\/div>\n                        <\/a>\n                    <\/div>\n\n                    <div class=\"room__content\">\n                        <div class=\"room__title\">\n                            <h3>\n                                <a class=\"ttc no_deco mtc_h\" href=\"https:\/\/schwarzwald-sonnenhof.de\/en\/rooms\/komfortdelux\">\n\t\t\t\t\t\t\t\t\tComfort Deluxe room                                <\/a>\n                            <\/h3>\n                        <\/div>\n                        <div class=\"room__excerpt\">\n\t\t\t\t\t\t\tModern ambience invites you to feel good. <\/br>\r\nMaximum occupancy:                        <\/div>\n\n\t\t\t\t\t\t\n<div class=\"room_info\">\n\t\t\t\t\t\t<div class=\"room_info__single\">\n\t\t\t\t<i class=\"mtc stmicon-nipple\"><\/i>\n\t\t\t\t<span class=\"ttc heading_font_family\">1<\/span>\n\t\t\t<\/div>\n\t\t\t\t\t\t\t\t<div class=\"room_info__single\">\n\t\t\t\t<i class=\"mtc stmicon-bed2\"><\/i>\n\t\t\t\t<span class=\"ttc heading_font_family\">180x200 cm (BxL)<\/span>\n\t\t\t<\/div>\n\t\t\t\t\t\t\t\t<div class=\"room_info__single\">\n\t\t\t\t<i class=\"mtc stmicon-ruler\"><\/i>\n\t\t\t\t<span class=\"ttc heading_font_family\">30<\/span>\n\t\t\t<\/div>\n\t\t\t<\/div>\n\n                    <\/div>\n                <\/div>\n            <\/div>\n\t\t\t                    <\/div>\n\n\t\t\t\t\n\t\t\t\t\n\n\t\t\t\t\n                    <div class=\"stm-rooms-list juniorsuite\">\n\t\t\t\t\t\t            <div class=\"room\">\n                <div class=\"inner\">\n                    <div class=\"room__image\">\n                        <a href=\"https:\/\/schwarzwald-sonnenhof.de\/en\/rooms\/juniorsuite\">\n\t\t\t\t\t\t\t<img srcset=\"https:\/\/schwarzwald-sonnenhof.de\/wp-content\/uploads\/2018\/05\/25-scaled-740x420.jpg 2x\" class=\"\" src=\"https:\/\/schwarzwald-sonnenhof.de\/wp-content\/uploads\/2018\/05\/25-scaled-370x210.jpg\" width=\"370\" height=\"210\" alt=\"25\" title=\"25\" \/>                            <div class=\"room__price mbc heading_font\">\n                                <span><span>From<\/span> 129,00&euro;<\/span>                            <\/div>\n                        <\/a>\n                    <\/div>\n\n                    <div class=\"room__content\">\n                        <div class=\"room__title\">\n                            <h3>\n                                <a class=\"ttc no_deco mtc_h\" href=\"https:\/\/schwarzwald-sonnenhof.de\/en\/rooms\/juniorsuite\">\n\t\t\t\t\t\t\t\t\tJunior Suite                                <\/a>\n                            <\/h3>\n                        <\/div>\n                        <div class=\"room__excerpt\">\n\t\t\t\t\t\t\tStay overnight like kings. <\/br>\r\nMaximum occupancy:                        <\/div>\n\n\t\t\t\t\t\t\n<div class=\"room_info\">\n\t\t\t\t\t\t<div class=\"room_info__single\">\n\t\t\t\t<i class=\"mtc stmicon-guest\"><\/i>\n\t\t\t\t<span class=\"ttc heading_font_family\">2<\/span>\n\t\t\t<\/div>\n\t\t\t\t\t\t\t\t<div class=\"room_info__single\">\n\t\t\t\t<i class=\"mtc stmicon-nipple\"><\/i>\n\t\t\t\t<span class=\"ttc heading_font_family\">2<\/span>\n\t\t\t<\/div>\n\t\t\t\t\t\t\t\t<div class=\"room_info__single\">\n\t\t\t\t<i class=\"mtc stmicon-ruler\"><\/i>\n\t\t\t\t<span class=\"ttc heading_font_family\">35<\/span>\n\t\t\t<\/div>\n\t\t\t<\/div>\n\n                    <\/div>\n                <\/div>\n            <\/div>\n\t\t\t                    <\/div>\n\n\t\t\t\t\n\t\t\t\t\n\n\t\t\t\t\n                    <div class=\"stm-rooms-list landhausstudios\">\n\t\t\t\t\t\t            <div class=\"room\">\n                <div class=\"inner\">\n                    <div class=\"room__image\">\n                        <a href=\"https:\/\/schwarzwald-sonnenhof.de\/en\/rooms\/buchen\">\n\t\t\t\t\t\t\t<img srcset=\"https:\/\/schwarzwald-sonnenhof.de\/wp-content\/uploads\/2018\/05\/ZImmer13-740x420.png 2x\" class=\"\" src=\"https:\/\/schwarzwald-sonnenhof.de\/wp-content\/uploads\/2018\/05\/ZImmer13-370x210.png\" width=\"370\" height=\"210\" alt=\"ZImmer13\" title=\"ZImmer13\" \/>                            <div class=\"room__price mbc heading_font\">\n                                <span><span>From<\/span> 0,00&euro;<\/span>                            <\/div>\n                        <\/a>\n                    <\/div>\n\n                    <div class=\"room__content\">\n                        <div class=\"room__title\">\n                            <h3>\n                                <a class=\"ttc no_deco mtc_h\" href=\"https:\/\/schwarzwald-sonnenhof.de\/en\/rooms\/buchen\">\n\t\t\t\t\t\t\t\t\tCountryside studios                                <\/a>\n                            <\/h3>\n                        <\/div>\n                        <div class=\"room__excerpt\">\n\t\t\t\t\t\t\tFamilienfreundliches, gro\u00dfes und gem\u00fctliches Zimmer mit rustikalem Charme                        <\/div>\n\n\t\t\t\t\t\t\n<div class=\"room_info\">\n\t\t\t\t\t\t<div class=\"room_info__single\">\n\t\t\t\t<i class=\"mtc stmicon-guest\"><\/i>\n\t\t\t\t<span class=\"ttc heading_font_family\">4<\/span>\n\t\t\t<\/div>\n\t\t\t\t\t\t\t\t<div class=\"room_info__single\">\n\t\t\t\t<i class=\"mtc stmicon-nipple\"><\/i>\n\t\t\t\t<span class=\"ttc heading_font_family\">2<\/span>\n\t\t\t<\/div>\n\t\t\t\t\t\t\t\t<div class=\"room_info__single\">\n\t\t\t\t<i class=\"mtc stmicon-bed2\"><\/i>\n\t\t\t\t<span class=\"ttc heading_font_family\">180x200 cm (BxL)<\/span>\n\t\t\t<\/div>\n\t\t\t<\/div>\n\n                    <\/div>\n                <\/div>\n            <\/div>\n\t\t\t                    <\/div>\n\n\t\t\t\t\n\t\t\t\t\n\n\t\t\t\t\n                    <div class=\"stm-rooms-list ferienwohnung\">\n\t\t\t\t\t\t            <div class=\"room\">\n                <div class=\"inner\">\n                    <div class=\"room__image\">\n                        <a href=\"https:\/\/schwarzwald-sonnenhof.de\/en\/rooms\/ferienwohnungen\">\n\t\t\t\t\t\t\t<img srcset=\"https:\/\/schwarzwald-sonnenhof.de\/wp-content\/uploads\/2021\/03\/Bildschirmfoto-2021-03-06-um-21.33.07-740x420.png 2x\" class=\"\" src=\"https:\/\/schwarzwald-sonnenhof.de\/wp-content\/uploads\/2021\/03\/Bildschirmfoto-2021-03-06-um-21.33.07-370x210.png\" width=\"370\" height=\"210\" alt=\"Bildschirmfoto 2021-03-06 um 21.33.07\" title=\"Bildschirmfoto 2021-03-06 um 21.33.07\" \/>                            <div class=\"room__price mbc heading_font\">\n                                <span><span>From<\/span> 102,00&euro;<\/span>                            <\/div>\n                        <\/a>\n                    <\/div>\n\n                    <div class=\"room__content\">\n                        <div class=\"room__title\">\n                            <h3>\n                                <a class=\"ttc no_deco mtc_h\" href=\"https:\/\/schwarzwald-sonnenhof.de\/en\/rooms\/ferienwohnungen\">\n\t\t\t\t\t\t\t\t\tFerienwohnungen                                <\/a>\n                            <\/h3>\n                        <\/div>\n                        <div class=\"room__excerpt\">\n\t\t\t\t\t\t\tDie Ferienwohnungen sind ca 75 qm gro\u00df. Auf Gro\u00dfzugigkeit und Harmonie wurde ...                        <\/div>\n\n\t\t\t\t\t\t\n<div class=\"room_info\">\n\t\t\t\t\t\t<div class=\"room_info__single\">\n\t\t\t\t<i class=\"mtc stmicon-guest\"><\/i>\n\t\t\t\t<span class=\"ttc heading_font_family\">4<\/span>\n\t\t\t<\/div>\n\t\t\t\t\t\t\t\t<div class=\"room_info__single\">\n\t\t\t\t<i class=\"mtc stmicon-bed2\"><\/i>\n\t\t\t\t<span class=\"ttc heading_font_family\">2 King<\/span>\n\t\t\t<\/div>\n\t\t\t\t\t\t\t\t<div class=\"room_info__single\">\n\t\t\t\t<i class=\"mtc stmicon-ruler\"><\/i>\n\t\t\t\t<span class=\"ttc heading_font_family\">75<\/span>\n\t\t\t<\/div>\n\t\t\t<\/div>\n\n                    <\/div>\n                <\/div>\n            <\/div>\n\t\t\t                    <\/div>\n\n\t\t\t\t\n\t\t\t\t    <\/div>\n<\/div>\n\n\n        <\/div>\n    <\/div>\n<\/div><\/div><\/div><div class=\"container vc_container\" ><div class=\"vc_row wpb_row vc_row-fluid\"><div class=\"wpb_column vc_column_container vc_col-sm-3\">\n    <div class=\"vc_column-inner\">\n        <div class=\"wpb_wrapper\">\n            \n\n    <div class=\"stm_iconbox clearfix stm_iconbox_style_1 stm_iconbox69d624afce7d1 text-left  stm_iconbox__icon-left clearfix\">\n                    <div class=\"stm_iconbox__icon\"\n                 style=\"width: 50px; height: 65px;\">\n                <i style=\"font-size:30px;font-weight: normal;\"\n                   class=\"mtc stmicon-local_parking\">\n                <\/i>\n            <\/div>\n                <div class=\"stm_iconbox__text\">\n                            <h5  class=\"no_line\"><span\n                            class=\"mtc_b\">Kostenloses Parken<\/span><\/h5>\n                        <div class=\"stm_iconbox__desc\">\n            <span class=\"stm_iconbox__dots\">\n                <span class=\"stm_iconbox__dot stm_iconbox__dot_first\"><\/span>\n                <span class=\"stm_iconbox__dot stm_iconbox__dot_second\"><\/span>\n                <span class=\"stm_iconbox__dot stm_iconbox__dot_third\"><\/span>\n            <\/span>\n                <p>Parkplatz vor dem Hotel<\/p>\n            <\/div>\n        <\/div>\n    <\/div>\n<div class=\"vc_empty_space\"   style=\"height: 70px\"><span class=\"vc_empty_space_inner\"><\/span><\/div>\n\n    <div class=\"stm_iconbox clearfix stm_iconbox_style_1 stm_iconbox69d624afce93e text-left  stm_iconbox__icon-left clearfix\">\n                    <div class=\"stm_iconbox__icon\"\n                 style=\"width: 50px; height: 65px;\">\n                <i style=\"font-size:30px;font-weight: normal;\"\n                   class=\"mtc stmicon-wifi-1\">\n                <\/i>\n            <\/div>\n                <div class=\"stm_iconbox__text\">\n                            <h5  class=\"no_line\"><span\n                            class=\"mtc_b\">Freies W-Lan<\/span><\/h5>\n                        <div class=\"stm_iconbox__desc\">\n            <span class=\"stm_iconbox__dots\">\n                <span class=\"stm_iconbox__dot stm_iconbox__dot_first\"><\/span>\n                <span class=\"stm_iconbox__dot stm_iconbox__dot_second\"><\/span>\n                <span class=\"stm_iconbox__dot stm_iconbox__dot_third\"><\/span>\n            <\/span>\n                <p>in der Hotelhalle und im Zimmer<\/p>\n            <\/div>\n        <\/div>\n    <\/div>\n        <\/div>\n    <\/div>\n<\/div><div class=\"wpb_column vc_column_container vc_col-sm-3\">\n    <div class=\"vc_column-inner\">\n        <div class=\"wpb_wrapper\">\n            \n\n    <div class=\"stm_iconbox clearfix stm_iconbox_style_1 stm_iconbox69d624afcebb6 text-left  stm_iconbox__icon-left clearfix\">\n                    <div class=\"stm_iconbox__icon\"\n                 style=\"width: 50px; height: 65px;\">\n                <i style=\"font-size:30px;font-weight: normal;\"\n                   class=\"mtc stmicon-meal\">\n                <\/i>\n            <\/div>\n                <div class=\"stm_iconbox__text\">\n                            <h5  class=\"no_line\"><span\n                            class=\"mtc_b\">Schwarzw\u00e4lder Nachmittagsjause<\/span><\/h5>\n                        <div class=\"stm_iconbox__desc\">\n            <span class=\"stm_iconbox__dots\">\n                <span class=\"stm_iconbox__dot stm_iconbox__dot_first\"><\/span>\n                <span class=\"stm_iconbox__dot stm_iconbox__dot_second\"><\/span>\n                <span class=\"stm_iconbox__dot stm_iconbox__dot_third\"><\/span>\n            <\/span>\n                <p>von 14:30 -16:30 Uhr (Snacks, Kuchen, Suppen und Salate)<\/p>\n            <\/div>\n        <\/div>\n    <\/div>\n<div class=\"vc_empty_space\"   style=\"height: 40px\"><span class=\"vc_empty_space_inner\"><\/span><\/div>\n\n    <div class=\"stm_iconbox clearfix stm_iconbox_style_1 stm_iconbox69d624afced09 text-left  stm_iconbox__icon-left clearfix\">\n                    <div class=\"stm_iconbox__icon\"\n                 style=\"width: 50px; height: 65px;\">\n                <i style=\"font-size:30px;font-weight: normal;\"\n                   class=\"mtc stmicon-favorite\">\n                <\/i>\n            <\/div>\n                <div class=\"stm_iconbox__text\">\n                            <h5  class=\"no_line\"><span\n                            class=\"mtc_b\">Wellness Ruheoase<\/span><\/h5>\n                        <div class=\"stm_iconbox__desc\">\n            <span class=\"stm_iconbox__dots\">\n                <span class=\"stm_iconbox__dot stm_iconbox__dot_first\"><\/span>\n                <span class=\"stm_iconbox__dot stm_iconbox__dot_second\"><\/span>\n                <span class=\"stm_iconbox__dot stm_iconbox__dot_third\"><\/span>\n            <\/span>\n                <p>zum Entspannen und Relaxen mit Saunapaket<\/p>\n            <\/div>\n        <\/div>\n    <\/div>\n        <\/div>\n    <\/div>\n<\/div><div class=\"wpb_column vc_column_container vc_col-sm-3\">\n    <div class=\"vc_column-inner\">\n        <div class=\"wpb_wrapper\">\n            \n\n    <div class=\"stm_iconbox clearfix stm_iconbox_style_1 stm_iconbox69d624afceee2 text-left  stm_iconbox__icon-left clearfix\">\n                    <div class=\"stm_iconbox__icon\"\n                 style=\"width: 50px; height: 65px;\">\n                <i style=\"font-size:30px;font-weight: normal;\"\n                   class=\"mtc stmicon-hotel-restaurant\">\n                <\/i>\n            <\/div>\n                <div class=\"stm_iconbox__text\">\n                            <h5  class=\"no_line\"><span\n                            class=\"mtc_b\">Gourmetpension am Abend<\/span><\/h5>\n                        <div class=\"stm_iconbox__desc\">\n            <span class=\"stm_iconbox__dots\">\n                <span class=\"stm_iconbox__dot stm_iconbox__dot_first\"><\/span>\n                <span class=\"stm_iconbox__dot stm_iconbox__dot_second\"><\/span>\n                <span class=\"stm_iconbox__dot stm_iconbox__dot_third\"><\/span>\n            <\/span>\n                <p>eine Kombination aus Klassischem, Heimischem und Neuem<\/p>\n            <\/div>\n        <\/div>\n    <\/div>\n<div class=\"vc_empty_space\"   style=\"height: 20px\"><span class=\"vc_empty_space_inner\"><\/span><\/div>\n\n    <div class=\"stm_iconbox clearfix stm_iconbox_style_1 stm_iconbox69d624afcf08d text-left  stm_iconbox__icon-left clearfix\">\n                    <div class=\"stm_iconbox__icon\"\n                 style=\"width: 50px; height: 65px;\">\n                <i style=\"font-size:30px;font-weight: normal;\"\n                   class=\"mtc stmicon-nature_people\">\n                <\/i>\n            <\/div>\n                <div class=\"stm_iconbox__text\">\n                            <h5  class=\"no_line\"><span\n                            class=\"mtc_b\">Kraftplatz zum Auftanken<\/span><\/h5>\n                        <div class=\"stm_iconbox__desc\">\n            <span class=\"stm_iconbox__dots\">\n                <span class=\"stm_iconbox__dot stm_iconbox__dot_first\"><\/span>\n                <span class=\"stm_iconbox__dot stm_iconbox__dot_second\"><\/span>\n                <span class=\"stm_iconbox__dot stm_iconbox__dot_third\"><\/span>\n            <\/span>\n                <p>in der besonderen Natur-, Kunst- und Kulturlandschaft<\/p>\n            <\/div>\n        <\/div>\n    <\/div>\n        <\/div>\n    <\/div>\n<\/div><div class=\"wpb_column vc_column_container vc_col-sm-3\">\n    <div class=\"vc_column-inner\">\n        <div class=\"wpb_wrapper\">\n            \n\n    <div class=\"stm_iconbox clearfix stm_iconbox_style_1 stm_iconbox69d624afcf2b1 text-left  stm_iconbox__icon-left clearfix\">\n                    <div class=\"stm_iconbox__icon\"\n                 style=\"width: 50px; height: 65px;\">\n                <i style=\"font-size:30px;font-weight: normal;\"\n                   class=\"mtc stmicon-alarm\">\n                <\/i>\n            <\/div>\n                <div class=\"stm_iconbox__text\">\n                            <h5  class=\"no_line\"><span\n                            class=\"mtc_b\">Langschl\u00e4fer-Fr\u00fchst\u00fcck<\/span><\/h5>\n                        <div class=\"stm_iconbox__desc\">\n            <span class=\"stm_iconbox__dots\">\n                <span class=\"stm_iconbox__dot stm_iconbox__dot_first\"><\/span>\n                <span class=\"stm_iconbox__dot stm_iconbox__dot_second\"><\/span>\n                <span class=\"stm_iconbox__dot stm_iconbox__dot_third\"><\/span>\n            <\/span>\n                <p>ab 07.30 Uhr bis 11.00 Uhr, Sekt, Vitalecke und Teebar<\/p>\n            <\/div>\n        <\/div>\n    <\/div>\n<div class=\"vc_empty_space\"   style=\"height: 40px\"><span class=\"vc_empty_space_inner\"><\/span><\/div>\n\n    <div class=\"stm_iconbox clearfix stm_iconbox_style_1 stm_iconbox69d624afcf4fb text-left  stm_iconbox__icon-left clearfix\">\n                    <div class=\"stm_iconbox__icon\"\n                 style=\"width: 50px; height: 65px;\">\n                <i style=\"font-size:30px;font-weight: normal;\"\n                   class=\"mtc stmicon-pets\">\n                <\/i>\n            <\/div>\n                <div class=\"stm_iconbox__text\">\n                            <h5  class=\"no_line\"><span\n                            class=\"mtc_b\">Hundefreundlich<\/span><\/h5>\n                        <div class=\"stm_iconbox__desc\">\n            <span class=\"stm_iconbox__dots\">\n                <span class=\"stm_iconbox__dot stm_iconbox__dot_first\"><\/span>\n                <span class=\"stm_iconbox__dot stm_iconbox__dot_second\"><\/span>\n                <span class=\"stm_iconbox__dot stm_iconbox__dot_third\"><\/span>\n            <\/span>\n                <p>Hunde sind willkommen!<\/p>\n            <\/div>\n        <\/div>\n    <\/div>\n        <\/div>\n    <\/div>\n<\/div><\/div><\/div>","protected":false},"excerpt":{"rendered":"Die Ferienwohnungen sind ca 75 qm gro\u00df. Auf Gro\u00dfzugigkeit und Harmonie wurde bei der Gestaltung ein besonderes Augenmerk gelegt. Neben einem gro\u00dfen Bett verf\u00fcgt die Ferienwohnung \u00fcber eine Couchgarnitur mit Sofa und Sessel sowie dem dazugeh\u00f6renden Couchtisch. Die Ferienwohnung haben einem eigenen Zugang und sind vom Hotelbetrieb abgetrennt. Die Erstausstattung mit Bettw\u00e4sche und Handt\u00fcchern ist [...]","protected":false},"author":1,"featured_media":0,"parent":0,"menu_order":0,"comment_status":"closed","ping_status":"closed","template":"","meta":[],"_links":{"self":[{"href":"https:\/\/schwarzwald-sonnenhof.de\/en\/wp-json\/wp\/v2\/pages\/295"}],"collection":[{"href":"https:\/\/schwarzwald-sonnenhof.de\/en\/wp-json\/wp\/v2\/pages"}],"about":[{"href":"https:\/\/schwarzwald-sonnenhof.de\/en\/wp-json\/wp\/v2\/types\/page"}],"author":[{"embeddable":true,"href":"https:\/\/schwarzwald-sonnenhof.de\/en\/wp-json\/wp\/v2\/users\/1"}],"replies":[{"embeddable":true,"href":"https:\/\/schwarzwald-sonnenhof.de\/en\/wp-json\/wp\/v2\/comments?post=295"}],"version-history":[{"count":24,"href":"https:\/\/schwarzwald-sonnenhof.de\/en\/wp-json\/wp\/v2\/pages\/295\/revisions"}],"predecessor-version":[{"id":2010,"href":"https:\/\/schwarzwald-sonnenhof.de\/en\/wp-json\/wp\/v2\/pages\/295\/revisions\/2010"}],"wp:attachment":[{"href":"https:\/\/schwarzwald-sonnenhof.de\/en\/wp-json\/wp\/v2\/media?parent=295"}],"curies":[{"name":"wp","href":"https:\/\/api.w.org\/{rel}","templated":true}]}}