{"id":2079,"date":"2021-05-29T15:57:58","date_gmt":"2021-05-29T15:57:58","guid":{"rendered":"https:\/\/schwarzwald-sonnenhof.de\/?page_id=2079"},"modified":"2024-12-17T10:01:02","modified_gmt":"2024-12-17T10:01:02","slug":"selfness","status":"publish","type":"page","link":"https:\/\/schwarzwald-sonnenhof.de\/en\/selfness","title":{"rendered":"Selfness"},"content":{"rendered":"<div class=\"container-fluid vc_container-fluid  overlap vc_custom_1542870643138\" ><div class=\"vc_row wpb_row vc_row-fluid\"><div class=\"container\"><div class=\"row\"><div class=\"wpb_column vc_column_container vc_col-sm-12 vc_col-lg-offset-1 vc_col-lg-10 vc_col-md-offset-1 vc_col-md-10 vc_col-xs-12\">\n    <div class=\"vc_column-inner\">\n        <div class=\"wpb_wrapper\">\n            <div class=\"wpb_revslider_element wpb_content_element\">\n\t\t\t<!-- START Selfnessurlaub REVOLUTION SLIDER 6.1.5 --><p class=\"rs-p-wp-fix\"><\/p>\n\t\t\t<rs-module-wrap id=\"rev_slider_17_1_wrapper\" data-source=\"gallery\" style=\"background:transparent;padding:0;\">\n\t\t\t\t<rs-module id=\"rev_slider_17_1\" style=\"display:none;\" data-version=\"6.1.5\">\n\t\t\t\t\t<rs-slides>\n\t\t\t\t\t\t<rs-slide data-key=\"rs-22\" data-title=\"Slide\" data-anim=\"ei:d;eo:d;s:1000;r:0;t:fade;sl:0;\">\n\t\t\t\t\t\t\t<img src=\"\/\/schwarzwald-sonnenhof.de\/wp-content\/uploads\/2020\/06\/M\u00fcller-2011-046-scaled.jpg\" title=\"M\u00fcller 2011 046\" width=\"2560\" height=\"1703\" data-bg=\"p:left center;\" data-panzoom=\"d:10000ms;e:Power0.easeInOut;ss:100;se:110%;\" class=\"rev-slidebg\" data-no-retina>\n<!--\n\t\t\t\t\t\t\t--><rs-layer\n\t\t\t\t\t\t\t\tid=\"slider-17-slide-22-layer-0\" \n\t\t\t\t\t\t\t\tdata-type=\"text\"\n\t\t\t\t\t\t\t\tdata-rsp_ch=\"on\"\n\t\t\t\t\t\t\t\tdata-xy=\"x:c;xo:-98px,-52px,-39px,-24px;y:m;yo:-222px,-60px,-60px,-50px;\"\n\t\t\t\t\t\t\t\tdata-text=\"w:normal;s:150,110,110,90;l:170,90,90,80;\"\n\t\t\t\t\t\t\t\tdata-dim=\"w:auto,auto,auto,403px;\"\n\t\t\t\t\t\t\t\tdata-frame_0=\"x:-50,-26,-19,-11;\"\n\t\t\t\t\t\t\t\tdata-frame_1=\"st:90;sp:1000;\"\n\t\t\t\t\t\t\t\tdata-frame_999=\"o:0;st:w;sR:7870;\"\n\t\t\t\t\t\t\t\tstyle=\"z-index:10;font-family:Herr Von Muellerhoff;\"\n\t\t\t\t\t\t\t>Selfness & Wellness im \n\t\t\t\t\t\t\t<\/rs-layer><!--\n\n\t\t\t\t\t\t\t--><rs-layer\n\t\t\t\t\t\t\t\tid=\"slider-17-slide-22-layer-1\" \n\t\t\t\t\t\t\t\tdata-type=\"text\"\n\t\t\t\t\t\t\t\tdata-rsp_ch=\"on\"\n\t\t\t\t\t\t\t\tdata-xy=\"x:c;xo:-101px,-53px,-40px,-24px;y:m;yo:-95px,40px,40px,30px;\"\n\t\t\t\t\t\t\t\tdata-text=\"w:normal;s:70,45,40,35;l:100,53,40,30;fw:300;\"\n\t\t\t\t\t\t\t\tdata-frame_1=\"e:Power4.easeInOut;st:630;sp:1200;\"\n\t\t\t\t\t\t\t\tdata-frame_1_sfx=\"se:blocktoright;\"\n\t\t\t\t\t\t\t\tdata-frame_999=\"o:0;st:w;sR:7350;\"\n\t\t\t\t\t\t\t\tstyle=\"z-index:9;font-family:Roboto;\"\n\t\t\t\t\t\t\t>Schwarzwald-Sonnenhof \n\t\t\t\t\t\t\t<\/rs-layer><!--\n\n\t\t\t\t\t\t\t--><rs-layer\n\t\t\t\t\t\t\t\tid=\"slider-17-slide-22-layer-2\" \n\t\t\t\t\t\t\t\tdata-type=\"shape\"\n\t\t\t\t\t\t\t\tdata-rsp_ch=\"on\"\n\t\t\t\t\t\t\t\tdata-xy=\"xo:-300px,-160px,-121px,-74px;yo:-224px,-119px,-90px,-55px;\"\n\t\t\t\t\t\t\t\tdata-text=\"w:normal;s:20,10,7,4;l:0,13,9,6;\"\n\t\t\t\t\t\t\t\tdata-dim=\"w:2412px,1286px,977px,1335px;h:1447px,771px,585px,801px;\"\n\t\t\t\t\t\t\t\tdata-frame_999=\"o:0;st:w;\"\n\t\t\t\t\t\t\t\tstyle=\"z-index:8;background-color:rgba(41,33,25,0.3);\"\n\t\t\t\t\t\t\t> \n\t\t\t\t\t\t\t<\/rs-layer><!--\n-->\t\t\t\t\t\t<\/rs-slide>\n\t\t\t\t\t<\/rs-slides>\n\t\t\t\t\t<rs-progress class=\"rs-bottom\" style=\"visibility: hidden !important;\"><\/rs-progress>\n\t\t\t\t<\/rs-module>\n\t\t\t\t<script type=\"text\/javascript\">\n\t\t\t\t\tsetREVStartSize({c: 'rev_slider_17_1',rl:[1240,1024,778,480],el:[868,768,960,720],gw:[1920,1024,778,480],gh:[868,768,960,720],layout:'fullscreen',offsetContainer:'',offset:'',mh:\"0\"});\n\t\t\t\t\tvar\trevapi17,\n\t\t\t\t\t\ttpj;\n\t\t\t\t\tjQuery(function() {\n\t\t\t\t\t\ttpj = jQuery;\n\t\t\t\t\t\tif(tpj(\"#rev_slider_17_1\").revolution == undefined){\n\t\t\t\t\t\t\trevslider_showDoubleJqueryError(\"#rev_slider_17_1\");\n\t\t\t\t\t\t}else{\n\t\t\t\t\t\t\trevapi17 = tpj(\"#rev_slider_17_1\").show().revolution({\n\t\t\t\t\t\t\t\tjsFileLocation:\"\/\/schwarzwald-sonnenhof.de\/wp-content\/plugins\/revslider\/public\/assets\/js\/\",\n\t\t\t\t\t\t\t\tsliderLayout:\"fullscreen\",\n\t\t\t\t\t\t\t\tvisibilityLevels:\"1240,1024,778,480\",\n\t\t\t\t\t\t\t\tgridwidth:\"1920,1024,778,480\",\n\t\t\t\t\t\t\t\tgridheight:\"868,768,960,720\",\n\t\t\t\t\t\t\t\tminHeight:\"\",\n\t\t\t\t\t\t\t\tspinner:\"spinner0\",\n\t\t\t\t\t\t\t\teditorheight:\"868,768,960,720\",\n\t\t\t\t\t\t\t\tresponsiveLevels:\"1240,1024,778,480\",\n\t\t\t\t\t\t\t\tdisableProgressBar:\"on\",\n\t\t\t\t\t\t\t\tnavigation: {\n\t\t\t\t\t\t\t\t\tonHoverStop:false\n\t\t\t\t\t\t\t\t},\n\t\t\t\t\t\t\t\tfallbacks: {\n\t\t\t\t\t\t\t\t\tallowHTML5AutoPlayOnAndroid:true\n\t\t\t\t\t\t\t\t},\n\t\t\t\t\t\t\t});\n\t\t\t\t\t\t}\n\t\t\t\t\t\t\n\t\t\t\t\t});\n\t\t\t\t<\/script>\n\t\t\t<\/rs-module-wrap>\n\t\t\t<!-- END REVOLUTION SLIDER -->\n<\/div>        <\/div>\n    <\/div>\n<\/div><\/div><\/div><\/div><\/div><div class=\"container vc_container  vc_custom_1542779757919\" ><div class=\"vc_row wpb_row vc_row-fluid\"><div class=\"wpb_column vc_column_container vc_col-sm-12 vc_col-lg-4 vc_col-md-12\">\n    <div class=\"vc_column-inner\">\n        <div class=\"wpb_wrapper\">\n            <h3 style=\"font-size: 30px;text-align: left;font-family:Roboto;font-weight:700;font-style:normal\" class=\"vc_custom_heading vc_custom_1622302751215   text-left\">Selfness & Wellness - Relaxen, entspannen und genie\u00dfen<\/h3>        <\/div>\n    <\/div>\n<\/div><div class=\"wpb_column vc_column_container vc_col-sm-12 vc_col-lg-4 vc_col-md-6\">\n    <div class=\"vc_column-inner\">\n        <div class=\"wpb_wrapper\">\n            \n\t<div class=\"wpb_text_column wpb_content_element\" >\n\t\t<div class=\"wpb_wrapper\">\n\t\t\t<h5 style=\"margin: 0cm; line-height: normal;\">Trends f\u00fcr Ihren Wohlf\u00fchl-Urlaub im Schwarzwald<\/h5>\n<p style=\"margin: 0cm;\"><span style=\"font-size: 11.0pt;\"><br \/>\nTief Luft holen &#8211; tanken Sie Energie &#8211; nehmen Sie sich die Zeit f\u00fcr sich selbst, lassen Sie Ihre Seele in ruhiger Atmosph\u00e4re baumeln, entwickeln Sie positive Gedanken.<\/span><\/p>\n\n\t\t<\/div>\n\t<\/div>\n        <\/div>\n    <\/div>\n<\/div><div class=\"wpb_column vc_column_container vc_col-sm-12 vc_col-lg-4 vc_col-md-6\">\n    <div class=\"vc_column-inner\">\n        <div class=\"wpb_wrapper\">\n            \n\t<div class=\"wpb_text_column wpb_content_element\" >\n\t\t<div class=\"wpb_wrapper\">\n\t\t\t<p>Ob allein, zu zweit oder mit der ganzen Familie, im Schwarzwald-Sonnenhof wartet auf Oster-Urlauber ein ganz besonderes Vergn\u00fcgen.<\/p>\n\n\t\t<\/div>\n\t<\/div>\n        <\/div>\n    <\/div>\n<\/div><\/div><\/div><div class=\"container vc_container\" ><div class=\"vc_row wpb_row vc_row-fluid\"><div class=\"wpb_column vc_column_container vc_col-sm-12\">\n    <div class=\"vc_column-inner\">\n        <div class=\"wpb_wrapper\">\n            <h5 style=\"font-size: 90px;color: #e8d0b8;text-align: center;font-family:Herr Von Muellerhoff;font-weight:400;font-style:normal\" class=\"vc_custom_heading   text-center\">Unser Angebot<\/h5>        <\/div>\n    <\/div>\n<\/div><\/div><\/div><div class=\"container vc_container\" ><div class=\"vc_row wpb_row vc_row-fluid\"><div class=\"wpb_column vc_column_container vc_col-sm-8\">\n    <div class=\"vc_column-inner\">\n        <div class=\"wpb_wrapper\">\n            \n\t<div class=\"wpb_text_column wpb_content_element\" >\n\t\t<div class=\"wpb_wrapper\">\n\t\t\t<p><span style=\"font-size: 11.0pt;\"><strong>Anreisetage: Beliebig im Zeitraum 03.06.2025 &#8211; 20.06.2025<\/strong><\/span><\/p>\n<p>Enthaltene Leistungen:<br \/>\n&#8211; 3x \u00dcbernachtungen in der gebuchten Zimmerkategorie<br \/>\n&#8211; 3x Familie Bub reichhaltiges Fr\u00fchst\u00fccksb\u00fcffet<br \/>\n&#8211; 3x Schwarzw\u00e4lder Nachmittagsjause mit Kuchen, Suppen, Snacks und Salate<br \/>\n&#8211; 3x Schlemmerabendmen\u00fc \u201eAffaire Culinare\u201c(J\u00fcrgen Bub, seine kulinarische Kombination von heimischen und neuen K\u00fcchen-Kreationen)<\/p>\n<p>&#8211; Benutzung der Freizeiteinrichtungen des Hotels<br \/>\n&#8211; t\u00e4glich Eintritt in das hoteleigene Saunadorf<br \/>\n&#8211; kuscheliger Bademantel und unser Saunapaket f\u00fcr Ihren Aufenthalt<\/p>\n\n\t\t<\/div>\n\t<\/div>\n\n\t<div class=\"wpb_text_column wpb_content_element\" >\n\t\t<div class=\"wpb_wrapper\">\n\t\t\t<p>Preis pro Person und Arrangement<br \/>\nim Komfort Doppelzimmer: \u20ac 379,00<br \/>\nin der Juniorsuite: \u20ac 446,00<\/p>\n\n\t\t<\/div>\n\t<\/div>\n<div class=\"vc_separator wpb_content_element vc_separator_align_center vc_sep_width_100 vc_sep_pos_align_center vc_separator_no_text vc_sep_color_white\" ><span class=\"vc_sep_holder vc_sep_holder_l\"><span  class=\"vc_sep_line\"><\/span><\/span><span class=\"vc_sep_holder vc_sep_holder_r\"><span  class=\"vc_sep_line\"><\/span><\/span>\n<\/div><h5 style=\"font-size: 90px;color: #e8d0b8;text-align: center;font-family:Herr Von Muellerhoff;font-weight:400;font-style:normal\" class=\"vc_custom_heading   text-center\">Inklusive<\/h5>\n\n    <div class=\"stm_iconbox clearfix stm_iconbox_style_1 stm_iconbox69f8a205db986 text-left  stm_iconbox__icon-left clearfix\">\n                    <div class=\"stm_iconbox__icon\"\n                 style=\"width: 50px; height: 65px;\">\n                <i style=\"font-size:30px;font-weight: normal;\"\n                   class=\"mtc stmicon-local_parking\">\n                <\/i>\n            <\/div>\n                <div class=\"stm_iconbox__text\">\n                            <h5  class=\"no_line\"><span\n                            class=\"mtc_b\">Kostenloses Parken<\/span><\/h5>\n                        <div class=\"stm_iconbox__desc\">\n            <span class=\"stm_iconbox__dots\">\n                <span class=\"stm_iconbox__dot stm_iconbox__dot_first\"><\/span>\n                <span class=\"stm_iconbox__dot stm_iconbox__dot_second\"><\/span>\n                <span class=\"stm_iconbox__dot stm_iconbox__dot_third\"><\/span>\n            <\/span>\n                <p>Parkplatz vor dem Hotel<\/p>\n            <\/div>\n        <\/div>\n    <\/div>\n\n\n    <div class=\"stm_iconbox clearfix stm_iconbox_style_1 stm_iconbox69f8a205dbaae text-left  stm_iconbox__icon-left clearfix\">\n                    <div class=\"stm_iconbox__icon\"\n                 style=\"width: 50px; height: 65px;\">\n                <i style=\"font-size:30px;font-weight: normal;\"\n                   class=\"mtc stmicon-wifi-1\">\n                <\/i>\n            <\/div>\n                <div class=\"stm_iconbox__text\">\n                            <h5  class=\"no_line\"><span\n                            class=\"mtc_b\">Freies W-Lan<\/span><\/h5>\n                        <div class=\"stm_iconbox__desc\">\n            <span class=\"stm_iconbox__dots\">\n                <span class=\"stm_iconbox__dot stm_iconbox__dot_first\"><\/span>\n                <span class=\"stm_iconbox__dot stm_iconbox__dot_second\"><\/span>\n                <span class=\"stm_iconbox__dot stm_iconbox__dot_third\"><\/span>\n            <\/span>\n                <p>in der Hotelhalle und im Zimmer<\/p>\n            <\/div>\n        <\/div>\n    <\/div>\n\n\n    <div class=\"stm_iconbox clearfix stm_iconbox_style_1 stm_iconbox69f8a205dbb8c text-left  stm_iconbox__icon-left clearfix\">\n                    <div class=\"stm_iconbox__icon\"\n                 style=\"width: 50px; height: 65px;\">\n                <i style=\"font-size:30px;font-weight: normal;\"\n                   class=\"mtc stmicon-meal\">\n                <\/i>\n            <\/div>\n                <div class=\"stm_iconbox__text\">\n                            <h5  class=\"no_line\"><span\n                            class=\"mtc_b\">Schwarzw\u00e4lder Nachmittagsjause<\/span><\/h5>\n                        <div class=\"stm_iconbox__desc\">\n            <span class=\"stm_iconbox__dots\">\n                <span class=\"stm_iconbox__dot stm_iconbox__dot_first\"><\/span>\n                <span class=\"stm_iconbox__dot stm_iconbox__dot_second\"><\/span>\n                <span class=\"stm_iconbox__dot stm_iconbox__dot_third\"><\/span>\n            <\/span>\n                <p>von 14:30 -16:30 Uhr (Snacks, Kuchen, Suppen und Salate)<\/p>\n            <\/div>\n        <\/div>\n    <\/div>\n\n\n    <div class=\"stm_iconbox clearfix stm_iconbox_style_1 stm_iconbox69f8a205dbc67 text-left  stm_iconbox__icon-left clearfix\">\n                    <div class=\"stm_iconbox__icon\"\n                 style=\"width: 50px; height: 65px;\">\n                <i style=\"font-size:30px;font-weight: normal;\"\n                   class=\"mtc stmicon-favorite\">\n                <\/i>\n            <\/div>\n                <div class=\"stm_iconbox__text\">\n                            <h5  class=\"no_line\"><span\n                            class=\"mtc_b\">Wellness Ruheoase<\/span><\/h5>\n                        <div class=\"stm_iconbox__desc\">\n            <span class=\"stm_iconbox__dots\">\n                <span class=\"stm_iconbox__dot stm_iconbox__dot_first\"><\/span>\n                <span class=\"stm_iconbox__dot stm_iconbox__dot_second\"><\/span>\n                <span class=\"stm_iconbox__dot stm_iconbox__dot_third\"><\/span>\n            <\/span>\n                <p>zum Entspannen und Relaxen mit Saunapaket<\/p>\n            <\/div>\n        <\/div>\n    <\/div>\n\n\n    <div class=\"stm_iconbox clearfix stm_iconbox_style_1 stm_iconbox69f8a205dbd3a text-left  stm_iconbox__icon-left clearfix\">\n                    <div class=\"stm_iconbox__icon\"\n                 style=\"width: 50px; height: 65px;\">\n                <i style=\"font-size:30px;font-weight: normal;\"\n                   class=\"mtc stmicon-alarm\">\n                <\/i>\n            <\/div>\n                <div class=\"stm_iconbox__text\">\n                            <h5  class=\"no_line\"><span\n                            class=\"mtc_b\">Langschl\u00e4fer-Fr\u00fchst\u00fcck<\/span><\/h5>\n                        <div class=\"stm_iconbox__desc\">\n            <span class=\"stm_iconbox__dots\">\n                <span class=\"stm_iconbox__dot stm_iconbox__dot_first\"><\/span>\n                <span class=\"stm_iconbox__dot stm_iconbox__dot_second\"><\/span>\n                <span class=\"stm_iconbox__dot stm_iconbox__dot_third\"><\/span>\n            <\/span>\n                <p>ab 07.30 Uhr bis 11.00 Uhr, Sekt- und Vitalecke<\/p>\n            <\/div>\n        <\/div>\n    <\/div>\n\n\n    <div class=\"stm_iconbox clearfix stm_iconbox_style_1 stm_iconbox69f8a205dbe0d text-left  stm_iconbox__icon-left clearfix\">\n                    <div class=\"stm_iconbox__icon\"\n                 style=\"width: 50px; height: 65px;\">\n                <i style=\"font-size:30px;font-weight: normal;\"\n                   class=\"mtc stmicon-nature_people\">\n                <\/i>\n            <\/div>\n                <div class=\"stm_iconbox__text\">\n                            <h5  class=\"no_line\"><span\n                            class=\"mtc_b\">Kraftplatz zum Auftanken<\/span><\/h5>\n                        <div class=\"stm_iconbox__desc\">\n            <span class=\"stm_iconbox__dots\">\n                <span class=\"stm_iconbox__dot stm_iconbox__dot_first\"><\/span>\n                <span class=\"stm_iconbox__dot stm_iconbox__dot_second\"><\/span>\n                <span class=\"stm_iconbox__dot stm_iconbox__dot_third\"><\/span>\n            <\/span>\n                <p>in der besonderen Natur-, Kunst- und Kulturlandschaft<\/p>\n            <\/div>\n        <\/div>\n    <\/div>\n\n\n    <div class=\"stm_iconbox clearfix stm_iconbox_style_1 stm_iconbox69f8a205dbedc text-left  stm_iconbox__icon-left clearfix\">\n                    <div class=\"stm_iconbox__icon\"\n                 style=\"width: 50px; height: 65px;\">\n                <i style=\"font-size:30px;font-weight: normal;\"\n                   class=\"mtc stmicon-pets\">\n                <\/i>\n            <\/div>\n                <div class=\"stm_iconbox__text\">\n                            <h5  class=\"no_line\"><span\n                            class=\"mtc_b\">Hundefreundlich<\/span><\/h5>\n                        <div class=\"stm_iconbox__desc\">\n            <span class=\"stm_iconbox__dots\">\n                <span class=\"stm_iconbox__dot stm_iconbox__dot_first\"><\/span>\n                <span class=\"stm_iconbox__dot stm_iconbox__dot_second\"><\/span>\n                <span class=\"stm_iconbox__dot stm_iconbox__dot_third\"><\/span>\n            <\/span>\n                <p>Hunde sind willkommen!<\/p>\n            <\/div>\n        <\/div>\n    <\/div>\n        <\/div>\n    <\/div>\n<\/div><div class=\"wpb_column vc_column_container vc_col-sm-4\">\n    <div class=\"vc_column-inner\">\n        <div class=\"wpb_wrapper\">\n                    <\/div>\n    <\/div>\n<\/div><\/div><\/div>","protected":false},"excerpt":{"rendered":"Selfness & Wellness im Schwarzwald-Sonnenhof Selfness & Wellness - Relaxen, entspannen und genie\u00dfen Trends f\u00fcr Ihren Wohlf\u00fchl-Urlaub im Schwarzwald Tief Luft holen - tanken Sie Energie - nehmen Sie sich die Zeit f\u00fcr sich selbst, lassen Sie Ihre Seele in ruhiger Atmosph\u00e4re baumeln, entwickeln Sie positive Gedanken. Ob allein, zu zweit oder mit der ganzen [...]","protected":false},"author":1,"featured_media":1744,"parent":0,"menu_order":0,"comment_status":"closed","ping_status":"closed","template":"","meta":[],"_links":{"self":[{"href":"https:\/\/schwarzwald-sonnenhof.de\/en\/wp-json\/wp\/v2\/pages\/2079"}],"collection":[{"href":"https:\/\/schwarzwald-sonnenhof.de\/en\/wp-json\/wp\/v2\/pages"}],"about":[{"href":"https:\/\/schwarzwald-sonnenhof.de\/en\/wp-json\/wp\/v2\/types\/page"}],"author":[{"embeddable":true,"href":"https:\/\/schwarzwald-sonnenhof.de\/en\/wp-json\/wp\/v2\/users\/1"}],"replies":[{"embeddable":true,"href":"https:\/\/schwarzwald-sonnenhof.de\/en\/wp-json\/wp\/v2\/comments?post=2079"}],"version-history":[{"count":12,"href":"https:\/\/schwarzwald-sonnenhof.de\/en\/wp-json\/wp\/v2\/pages\/2079\/revisions"}],"predecessor-version":[{"id":2440,"href":"https:\/\/schwarzwald-sonnenhof.de\/en\/wp-json\/wp\/v2\/pages\/2079\/revisions\/2440"}],"wp:featuredmedia":[{"embeddable":true,"href":"https:\/\/schwarzwald-sonnenhof.de\/en\/wp-json\/wp\/v2\/media\/1744"}],"wp:attachment":[{"href":"https:\/\/schwarzwald-sonnenhof.de\/en\/wp-json\/wp\/v2\/media?parent=2079"}],"curies":[{"name":"wp","href":"https:\/\/api.w.org\/{rel}","templated":true}]}}