{"id":1947,"date":"2021-02-06T16:33:44","date_gmt":"2021-02-06T16:33:44","guid":{"rendered":"http:\/\/schwarzwald-sonnenhof.de\/?page_id=1947"},"modified":"2024-12-17T10:03:40","modified_gmt":"2024-12-17T10:03:40","slug":"urlaub-mit-hund","status":"publish","type":"page","link":"https:\/\/schwarzwald-sonnenhof.de\/en\/urlaub-mit-hund","title":{"rendered":"Urlaub mit Hund"},"content":{"rendered":"<div class=\"container-fluid vc_container-fluid  overlap vc_custom_1542870643138\" ><div class=\"vc_row wpb_row vc_row-fluid\"><div class=\"container\"><div class=\"row\"><div class=\"wpb_column vc_column_container vc_col-sm-12 vc_col-lg-offset-1 vc_col-lg-10 vc_col-md-offset-1 vc_col-md-10 vc_col-xs-12\">\n    <div class=\"vc_column-inner\">\n        <div class=\"wpb_wrapper\">\n            <div class=\"wpb_revslider_element wpb_content_element\">\n\t\t\t<!-- START Hundeurlaub REVOLUTION SLIDER 6.1.5 --><p class=\"rs-p-wp-fix\"><\/p>\n\t\t\t<rs-module-wrap id=\"rev_slider_13_1_wrapper\" data-source=\"gallery\" style=\"background:transparent;padding:0;\">\n\t\t\t\t<rs-module id=\"rev_slider_13_1\" style=\"display:none;\" data-version=\"6.1.5\">\n\t\t\t\t\t<rs-slides>\n\t\t\t\t\t\t<rs-slide data-key=\"rs-18\" data-title=\"Slide\" data-anim=\"ei:d;eo:d;s:1000;r:0;t:fade;sl:0;\">\n\t\t\t\t\t\t\t<img src=\"\/\/schwarzwald-sonnenhof.de\/wp-content\/uploads\/2021\/02\/iStock-1160742394-scaled.jpg\" title=\"Vacations in countryside\" width=\"2560\" height=\"1707\" data-bg=\"p:left center;\" data-panzoom=\"d:10000ms;e:Power0.easeInOut;ss:100;se:110%;\" class=\"rev-slidebg\" data-no-retina>\n<!--\n\t\t\t\t\t\t\t--><rs-layer\n\t\t\t\t\t\t\t\tid=\"slider-13-slide-18-layer-0\" \n\t\t\t\t\t\t\t\tdata-type=\"text\"\n\t\t\t\t\t\t\t\tdata-rsp_ch=\"on\"\n\t\t\t\t\t\t\t\tdata-xy=\"x:c;xo:-98px,-52px,-39px,-24px;y:m;yo:-222px,-60px,-60px,-50px;\"\n\t\t\t\t\t\t\t\tdata-text=\"w:normal;s:150,110,110,90;l:170,90,90,80;\"\n\t\t\t\t\t\t\t\tdata-dim=\"w:auto,auto,auto,403px;\"\n\t\t\t\t\t\t\t\tdata-frame_0=\"x:-50,-26,-19,-11;\"\n\t\t\t\t\t\t\t\tdata-frame_1=\"st:90;sp:1000;\"\n\t\t\t\t\t\t\t\tdata-frame_999=\"o:0;st:w;sR:7870;\"\n\t\t\t\t\t\t\t\tstyle=\"z-index:10;font-family:Herr Von Muellerhoff;\"\n\t\t\t\t\t\t\t>Hundeurlaub im \n\t\t\t\t\t\t\t<\/rs-layer><!--\n\n\t\t\t\t\t\t\t--><rs-layer\n\t\t\t\t\t\t\t\tid=\"slider-13-slide-18-layer-1\" \n\t\t\t\t\t\t\t\tdata-type=\"text\"\n\t\t\t\t\t\t\t\tdata-rsp_ch=\"on\"\n\t\t\t\t\t\t\t\tdata-xy=\"x:c;xo:-101px,-53px,-40px,-24px;y:m;yo:-95px,40px,40px,30px;\"\n\t\t\t\t\t\t\t\tdata-text=\"w:normal;s:70,45,40,35;l:100,53,40,30;fw:300;\"\n\t\t\t\t\t\t\t\tdata-frame_1=\"e:Power4.easeInOut;st:630;sp:1200;\"\n\t\t\t\t\t\t\t\tdata-frame_1_sfx=\"se:blocktoright;\"\n\t\t\t\t\t\t\t\tdata-frame_999=\"o:0;st:w;sR:7350;\"\n\t\t\t\t\t\t\t\tstyle=\"z-index:9;font-family:Roboto;\"\n\t\t\t\t\t\t\t>Schwarzwald \n\t\t\t\t\t\t\t<\/rs-layer><!--\n\n\t\t\t\t\t\t\t--><rs-layer\n\t\t\t\t\t\t\t\tid=\"slider-13-slide-18-layer-2\" \n\t\t\t\t\t\t\t\tdata-type=\"shape\"\n\t\t\t\t\t\t\t\tdata-rsp_ch=\"on\"\n\t\t\t\t\t\t\t\tdata-xy=\"xo:-11px,-5px,-3px,-1px;yo:-308px,-164px,-124px,-76px;\"\n\t\t\t\t\t\t\t\tdata-text=\"w:normal;s:20,10,7,4;l:0,13,9,6;\"\n\t\t\t\t\t\t\t\tdata-dim=\"w:2412px,1286px,977px,1335px;h:1447px,771px,585px,801px;\"\n\t\t\t\t\t\t\t\tdata-frame_999=\"o:0;st:w;\"\n\t\t\t\t\t\t\t\tstyle=\"z-index:8;background-color:rgba(41,33,25,0.3);\"\n\t\t\t\t\t\t\t> \n\t\t\t\t\t\t\t<\/rs-layer><!--\n-->\t\t\t\t\t\t<\/rs-slide>\n\t\t\t\t\t<\/rs-slides>\n\t\t\t\t\t<rs-progress class=\"rs-bottom\" style=\"visibility: hidden !important;\"><\/rs-progress>\n\t\t\t\t<\/rs-module>\n\t\t\t\t<script type=\"text\/javascript\">\n\t\t\t\t\tsetREVStartSize({c: 'rev_slider_13_1',rl:[1240,1024,778,480],el:[868,768,960,720],gw:[1920,1024,778,480],gh:[868,768,960,720],layout:'fullscreen',offsetContainer:'',offset:'',mh:\"0\"});\n\t\t\t\t\tvar\trevapi13,\n\t\t\t\t\t\ttpj;\n\t\t\t\t\tjQuery(function() {\n\t\t\t\t\t\ttpj = jQuery;\n\t\t\t\t\t\tif(tpj(\"#rev_slider_13_1\").revolution == undefined){\n\t\t\t\t\t\t\trevslider_showDoubleJqueryError(\"#rev_slider_13_1\");\n\t\t\t\t\t\t}else{\n\t\t\t\t\t\t\trevapi13 = tpj(\"#rev_slider_13_1\").show().revolution({\n\t\t\t\t\t\t\t\tjsFileLocation:\"\/\/schwarzwald-sonnenhof.de\/wp-content\/plugins\/revslider\/public\/assets\/js\/\",\n\t\t\t\t\t\t\t\tsliderLayout:\"fullscreen\",\n\t\t\t\t\t\t\t\tvisibilityLevels:\"1240,1024,778,480\",\n\t\t\t\t\t\t\t\tgridwidth:\"1920,1024,778,480\",\n\t\t\t\t\t\t\t\tgridheight:\"868,768,960,720\",\n\t\t\t\t\t\t\t\tminHeight:\"\",\n\t\t\t\t\t\t\t\tspinner:\"spinner0\",\n\t\t\t\t\t\t\t\teditorheight:\"868,768,960,720\",\n\t\t\t\t\t\t\t\tresponsiveLevels:\"1240,1024,778,480\",\n\t\t\t\t\t\t\t\tdisableProgressBar:\"on\",\n\t\t\t\t\t\t\t\tnavigation: {\n\t\t\t\t\t\t\t\t\tonHoverStop:false\n\t\t\t\t\t\t\t\t},\n\t\t\t\t\t\t\t\tfallbacks: {\n\t\t\t\t\t\t\t\t\tallowHTML5AutoPlayOnAndroid:true\n\t\t\t\t\t\t\t\t},\n\t\t\t\t\t\t\t});\n\t\t\t\t\t\t}\n\t\t\t\t\t\t\n\t\t\t\t\t});\n\t\t\t\t<\/script>\n\t\t\t<\/rs-module-wrap>\n\t\t\t<!-- END REVOLUTION SLIDER -->\n<\/div>        <\/div>\n    <\/div>\n<\/div><\/div><\/div><\/div><\/div><div class=\"container vc_container  vc_custom_1542779757919\" ><div class=\"vc_row wpb_row vc_row-fluid\"><div class=\"wpb_column vc_column_container vc_col-sm-12 vc_col-lg-4 vc_col-md-12\">\n    <div class=\"vc_column-inner\">\n        <div class=\"wpb_wrapper\">\n            <h3 style=\"font-size: 30px;text-align: left;font-family:Roboto;font-weight:700;font-style:normal\" class=\"vc_custom_heading vc_custom_1612628788405   text-left\">Hundeurlaub im Hotel Schwarzwald Sonnenhof<\/h3>        <\/div>\n    <\/div>\n<\/div><div class=\"wpb_column vc_column_container vc_col-sm-12 vc_col-lg-4 vc_col-md-6\">\n    <div class=\"vc_column-inner\">\n        <div class=\"wpb_wrapper\">\n            \n\t<div class=\"wpb_text_column wpb_content_element\" >\n\t\t<div class=\"wpb_wrapper\">\n\t\t\t<p><strong>Auch ein Hund braucht mal Urlaub<\/strong><\/p>\n<p>Den Urlaub mit dem Hund verbringen ist viel sch\u00f6ner in einem Hotel, in dem der geliebte Freund auch willkommen ist. Das wissen wir auch, deshalb sind Sie im hundefreundlichen Hotel im Nordschwarzwald mit Ihrem Hund herzlich willkommen. Wanderwege fern ab von Auto\u00b4s und Verkehr gehen direkt vor der Haust\u00fcre los.<\/p>\n<p>Ebenso aussichtsreiche Wanderwege auf den H\u00f6henz\u00fcgen des Nordschwarzwald mit herrlichen Aussichtspunkten f\u00fcr Ihren Urlaub mit Hund im Nordschwarzwald.<\/p>\n<p>In zahlreichen Wildb\u00e4chen in der Umgebung und Natur kann Ihr Hund nach Herzenslust spielen.<\/p>\n\n\t\t<\/div>\n\t<\/div>\n        <\/div>\n    <\/div>\n<\/div><div class=\"wpb_column vc_column_container vc_col-sm-12 vc_col-lg-4 vc_col-md-6\">\n    <div class=\"vc_column-inner\">\n        <div class=\"wpb_wrapper\">\n            \n\t<div class=\"wpb_text_column wpb_content_element\" >\n\t\t<div class=\"wpb_wrapper\">\n\t\t\t<p>Bei einem der vielen Wanderungen durch die Landschaft kommen sowohl Ihr Hund als nat\u00fcrlich auch Sie mit dem besten Wellnessprogramm seit Menschengedenken in Ber\u00fchrung. Der hervorragenden klaren Luft des Nord Schwarzwaldes.<\/p>\n<p>Von unserem Haus aus kommen Sie direkt in die unber\u00fchrte Natur, in welcher sich Mensch und Tier einfach wohlf\u00fchlen. Sowohl zum Fr\u00fchst\u00fcck, als auch zum Abendmen\u00fc haben wir einen Raum nur f\u00fcr Hundhalter reserviert. Hier ist Ihr vierbeiniger Freund gerne unter dem Tisch bei seinem Herrchen oder Frauchen. Denn er ist lieber bei Ihnen als allein auf dem Zimmer.<\/p>\n\n\t\t<\/div>\n\t<\/div>\n        <\/div>\n    <\/div>\n<\/div><\/div><\/div><div class=\"container vc_container\" ><div class=\"vc_row wpb_row vc_row-fluid\"><div class=\"wpb_column vc_column_container vc_col-sm-12\">\n    <div class=\"vc_column-inner\">\n        <div class=\"wpb_wrapper\">\n            <h5 style=\"font-size: 90px;color: #e8d0b8;text-align: center;font-family:Herr Von Muellerhoff;font-weight:400;font-style:normal\" class=\"vc_custom_heading   text-center\">Unser Angebot<\/h5>        <\/div>\n    <\/div>\n<\/div><\/div><\/div><div class=\"container vc_container\" ><div class=\"vc_row wpb_row vc_row-fluid\"><div class=\"wpb_column vc_column_container vc_col-sm-8\">\n    <div class=\"vc_column-inner\">\n        <div class=\"wpb_wrapper\">\n            \n\t<div class=\"wpb_text_column wpb_content_element\" >\n\t\t<div class=\"wpb_wrapper\">\n\t\t\t<p><strong>Unser Bello &#8211; Urlaubs &#8211; Angebot f\u00fcr Sie und Ihren Hund<br \/>\n<\/strong><\/p>\n<p>Enthaltene Leistungen:<br \/>\n&#8211; 3x oder 5x \u00dcbernachtungen<br \/>\n&#8211; 3x oder 5x Familie Bub reichhaltiges Fr\u00fchst\u00fccksb\u00fcffet mit Vitalecke<br \/>\n&#8211; 3x oder 5x Schlemmerabendmen\u00fc<br \/>\n&#8211; 3x oder 5x Kuchen vom B\u00fcffet<br \/>\n&#8211; 3x oder 5x Snacks vom Nachmittags-B\u00fcffet Gang Osterdinner<br \/>\n&#8211; 3x oder 5x Salatkompositionen am Nachmittags-B\u00fcfett<br \/>\n&#8211; kostenfreie Nutzung des hoteleigenen Saunadorfes<br \/>\n&#8211; kuscheliger Bademantel und Saunapaket f\u00fcr den gesamten Aufenthalt<\/p>\n\n\t\t<\/div>\n\t<\/div>\n\n\t<div class=\"wpb_text_column wpb_content_element\" >\n\t\t<div class=\"wpb_wrapper\">\n\t\t\t<p><strong>Ab 3 \u00dcbernachtungen<\/strong><br \/>\nbei 2 Personen im Komfortzimmer\u00a0 \u20ac 502,00 \u2014\u00a0\u00a0pro Person<br \/>\nbei 2 Personen in der Juniorsuite\u00a0\u00a0\u00a0\u00a0 \u20ac 568,00 \u2014\u00a0\u00a0pro Person<\/p>\n<p><strong>Ab\u00a05 \u00dcbernachtungen<\/strong><br \/>\nbei 2 Personen im Komfortzimmer\u00a0 \u20ac 721,00 \u2014\u00a0\u00a0pro Person<br \/>\nbei 2 Personen in der Juniorsuite\u00a0\u00a0\u00a0\u00a0 \u20ac 894,00 \u2014\u00a0\u00a0pro Person<\/p>\n<p><strong>Die Bello &#8211; Preise sind\u00a0inklusive\u00a0einem Hund pro Zimmer<\/strong><br \/>\n&#8211; Einen Tierfuttershop gibt es in Sch\u00f6mberg<br \/>\n&#8211; F\u00fcr alle die Interesse haben gibt es in Sch\u00f6mberg eine Hundeschule<\/p>\n\n\t\t<\/div>\n\t<\/div>\n<div class=\"vc_separator wpb_content_element vc_separator_align_center vc_sep_width_100 vc_sep_pos_align_center vc_separator_no_text vc_sep_color_white\" ><span class=\"vc_sep_holder vc_sep_holder_l\"><span  class=\"vc_sep_line\"><\/span><\/span><span class=\"vc_sep_holder vc_sep_holder_r\"><span  class=\"vc_sep_line\"><\/span><\/span>\n<\/div><h5 style=\"font-size: 90px;color: #e8d0b8;text-align: center;font-family:Herr Von Muellerhoff;font-weight:400;font-style:normal\" class=\"vc_custom_heading   text-center\">Inklusive<\/h5>\n\n    <div class=\"stm_iconbox clearfix stm_iconbox_style_1 stm_iconbox69f8cd12cc415 text-left  stm_iconbox__icon-left clearfix\">\n                    <div class=\"stm_iconbox__icon\"\n                 style=\"width: 50px; height: 65px;\">\n                <i style=\"font-size:30px;font-weight: normal;\"\n                   class=\"mtc stmicon-local_parking\">\n                <\/i>\n            <\/div>\n                <div class=\"stm_iconbox__text\">\n                            <h5  class=\"no_line\"><span\n                            class=\"mtc_b\">Kostenloses Parken<\/span><\/h5>\n                        <div class=\"stm_iconbox__desc\">\n            <span class=\"stm_iconbox__dots\">\n                <span class=\"stm_iconbox__dot stm_iconbox__dot_first\"><\/span>\n                <span class=\"stm_iconbox__dot stm_iconbox__dot_second\"><\/span>\n                <span class=\"stm_iconbox__dot stm_iconbox__dot_third\"><\/span>\n            <\/span>\n                <p>Parkplatz vor dem Hotel<\/p>\n            <\/div>\n        <\/div>\n    <\/div>\n\n\n    <div class=\"stm_iconbox clearfix stm_iconbox_style_1 stm_iconbox69f8cd12cc545 text-left  stm_iconbox__icon-left clearfix\">\n                    <div class=\"stm_iconbox__icon\"\n                 style=\"width: 50px; height: 65px;\">\n                <i style=\"font-size:30px;font-weight: normal;\"\n                   class=\"mtc stmicon-wifi-1\">\n                <\/i>\n            <\/div>\n                <div class=\"stm_iconbox__text\">\n                            <h5  class=\"no_line\"><span\n                            class=\"mtc_b\">Freies W-Lan<\/span><\/h5>\n                        <div class=\"stm_iconbox__desc\">\n            <span class=\"stm_iconbox__dots\">\n                <span class=\"stm_iconbox__dot stm_iconbox__dot_first\"><\/span>\n                <span class=\"stm_iconbox__dot stm_iconbox__dot_second\"><\/span>\n                <span class=\"stm_iconbox__dot stm_iconbox__dot_third\"><\/span>\n            <\/span>\n                <p>in der Hotelhalle und im Zimmer<\/p>\n            <\/div>\n        <\/div>\n    <\/div>\n\n\n    <div class=\"stm_iconbox clearfix stm_iconbox_style_1 stm_iconbox69f8cd12cc629 text-left  stm_iconbox__icon-left clearfix\">\n                    <div class=\"stm_iconbox__icon\"\n                 style=\"width: 50px; height: 65px;\">\n                <i style=\"font-size:30px;font-weight: normal;\"\n                   class=\"mtc stmicon-meal\">\n                <\/i>\n            <\/div>\n                <div class=\"stm_iconbox__text\">\n                            <h5  class=\"no_line\"><span\n                            class=\"mtc_b\">Schwarzw\u00e4lder Nachmittagsjause<\/span><\/h5>\n                        <div class=\"stm_iconbox__desc\">\n            <span class=\"stm_iconbox__dots\">\n                <span class=\"stm_iconbox__dot stm_iconbox__dot_first\"><\/span>\n                <span class=\"stm_iconbox__dot stm_iconbox__dot_second\"><\/span>\n                <span class=\"stm_iconbox__dot stm_iconbox__dot_third\"><\/span>\n            <\/span>\n                <p>von 14:30 -16:30 Uhr (Snacks, Kuchen, Suppen und Salate)<\/p>\n            <\/div>\n        <\/div>\n    <\/div>\n\n\n    <div class=\"stm_iconbox clearfix stm_iconbox_style_1 stm_iconbox69f8cd12cc705 text-left  stm_iconbox__icon-left clearfix\">\n                    <div class=\"stm_iconbox__icon\"\n                 style=\"width: 50px; height: 65px;\">\n                <i style=\"font-size:30px;font-weight: normal;\"\n                   class=\"mtc stmicon-favorite\">\n                <\/i>\n            <\/div>\n                <div class=\"stm_iconbox__text\">\n                            <h5  class=\"no_line\"><span\n                            class=\"mtc_b\">Wellness Ruheoase<\/span><\/h5>\n                        <div class=\"stm_iconbox__desc\">\n            <span class=\"stm_iconbox__dots\">\n                <span class=\"stm_iconbox__dot stm_iconbox__dot_first\"><\/span>\n                <span class=\"stm_iconbox__dot stm_iconbox__dot_second\"><\/span>\n                <span class=\"stm_iconbox__dot stm_iconbox__dot_third\"><\/span>\n            <\/span>\n                <p>zum Entspannen und Relaxen mit Saunapaket<\/p>\n            <\/div>\n        <\/div>\n    <\/div>\n\n\n    <div class=\"stm_iconbox clearfix stm_iconbox_style_1 stm_iconbox69f8cd12cc7d8 text-left  stm_iconbox__icon-left clearfix\">\n                    <div class=\"stm_iconbox__icon\"\n                 style=\"width: 50px; height: 65px;\">\n                <i style=\"font-size:30px;font-weight: normal;\"\n                   class=\"mtc stmicon-alarm\">\n                <\/i>\n            <\/div>\n                <div class=\"stm_iconbox__text\">\n                            <h5  class=\"no_line\"><span\n                            class=\"mtc_b\">Langschl\u00e4fer-Fr\u00fchst\u00fcck<\/span><\/h5>\n                        <div class=\"stm_iconbox__desc\">\n            <span class=\"stm_iconbox__dots\">\n                <span class=\"stm_iconbox__dot stm_iconbox__dot_first\"><\/span>\n                <span class=\"stm_iconbox__dot stm_iconbox__dot_second\"><\/span>\n                <span class=\"stm_iconbox__dot stm_iconbox__dot_third\"><\/span>\n            <\/span>\n                <p>ab 07.30 Uhr bis 11.00 Uhr, Sekt- und Vitalecke<\/p>\n            <\/div>\n        <\/div>\n    <\/div>\n\n\n    <div class=\"stm_iconbox clearfix stm_iconbox_style_1 stm_iconbox69f8cd12cc8c1 text-left  stm_iconbox__icon-left clearfix\">\n                    <div class=\"stm_iconbox__icon\"\n                 style=\"width: 50px; height: 65px;\">\n                <i style=\"font-size:30px;font-weight: normal;\"\n                   class=\"mtc stmicon-nature_people\">\n                <\/i>\n            <\/div>\n                <div class=\"stm_iconbox__text\">\n                            <h5  class=\"no_line\"><span\n                            class=\"mtc_b\">Kraftplatz zum Auftanken<\/span><\/h5>\n                        <div class=\"stm_iconbox__desc\">\n            <span class=\"stm_iconbox__dots\">\n                <span class=\"stm_iconbox__dot stm_iconbox__dot_first\"><\/span>\n                <span class=\"stm_iconbox__dot stm_iconbox__dot_second\"><\/span>\n                <span class=\"stm_iconbox__dot stm_iconbox__dot_third\"><\/span>\n            <\/span>\n                <p>in der besonderen Natur-, Kunst- und Kulturlandschaft<\/p>\n            <\/div>\n        <\/div>\n    <\/div>\n\n\n    <div class=\"stm_iconbox clearfix stm_iconbox_style_1 stm_iconbox69f8cd12cc994 text-left  stm_iconbox__icon-left clearfix\">\n                    <div class=\"stm_iconbox__icon\"\n                 style=\"width: 50px; height: 65px;\">\n                <i style=\"font-size:30px;font-weight: normal;\"\n                   class=\"mtc stmicon-pets\">\n                <\/i>\n            <\/div>\n                <div class=\"stm_iconbox__text\">\n                            <h5  class=\"no_line\"><span\n                            class=\"mtc_b\">Hundefreundlich<\/span><\/h5>\n                        <div class=\"stm_iconbox__desc\">\n            <span class=\"stm_iconbox__dots\">\n                <span class=\"stm_iconbox__dot stm_iconbox__dot_first\"><\/span>\n                <span class=\"stm_iconbox__dot stm_iconbox__dot_second\"><\/span>\n                <span class=\"stm_iconbox__dot stm_iconbox__dot_third\"><\/span>\n            <\/span>\n                <p>Hunde sind willkommen!<\/p>\n            <\/div>\n        <\/div>\n    <\/div>\n        <\/div>\n    <\/div>\n<\/div><div class=\"wpb_column vc_column_container vc_col-sm-4\">\n    <div class=\"vc_column-inner\">\n        <div class=\"wpb_wrapper\">\n                    <\/div>\n    <\/div>\n<\/div><\/div><\/div>","protected":false},"excerpt":{"rendered":"Hundeurlaub im Schwarzwald Hundeurlaub im Hotel Schwarzwald Sonnenhof Auch ein Hund braucht mal Urlaub Den Urlaub mit dem Hund verbringen ist viel sch\u00f6ner in einem Hotel, in dem der geliebte Freund auch willkommen ist. Das wissen wir auch, deshalb sind Sie im hundefreundlichen Hotel im Nordschwarzwald mit Ihrem Hund herzlich willkommen. Wanderwege fern ab von [...]","protected":false},"author":1,"featured_media":1966,"parent":0,"menu_order":0,"comment_status":"closed","ping_status":"closed","template":"","meta":[],"_links":{"self":[{"href":"https:\/\/schwarzwald-sonnenhof.de\/en\/wp-json\/wp\/v2\/pages\/1947"}],"collection":[{"href":"https:\/\/schwarzwald-sonnenhof.de\/en\/wp-json\/wp\/v2\/pages"}],"about":[{"href":"https:\/\/schwarzwald-sonnenhof.de\/en\/wp-json\/wp\/v2\/types\/page"}],"author":[{"embeddable":true,"href":"https:\/\/schwarzwald-sonnenhof.de\/en\/wp-json\/wp\/v2\/users\/1"}],"replies":[{"embeddable":true,"href":"https:\/\/schwarzwald-sonnenhof.de\/en\/wp-json\/wp\/v2\/comments?post=1947"}],"version-history":[{"count":14,"href":"https:\/\/schwarzwald-sonnenhof.de\/en\/wp-json\/wp\/v2\/pages\/1947\/revisions"}],"predecessor-version":[{"id":2444,"href":"https:\/\/schwarzwald-sonnenhof.de\/en\/wp-json\/wp\/v2\/pages\/1947\/revisions\/2444"}],"wp:featuredmedia":[{"embeddable":true,"href":"https:\/\/schwarzwald-sonnenhof.de\/en\/wp-json\/wp\/v2\/media\/1966"}],"wp:attachment":[{"href":"https:\/\/schwarzwald-sonnenhof.de\/en\/wp-json\/wp\/v2\/media?parent=1947"}],"curies":[{"name":"wp","href":"https:\/\/api.w.org\/{rel}","templated":true}]}}