{"id":1851,"date":"2021-01-27T09:45:47","date_gmt":"2021-01-27T09:45:47","guid":{"rendered":"http:\/\/schwarzwald-sonnenhof.de\/?page_id=1851"},"modified":"2025-11-09T09:48:10","modified_gmt":"2025-11-09T09:48:10","slug":"wellness","status":"publish","type":"page","link":"https:\/\/schwarzwald-sonnenhof.de\/en\/wellness","title":{"rendered":"Wellness"},"content":{"rendered":"<div class=\"container-fluid vc_container-fluid  overlap vc_custom_1542870643138\" ><div class=\"vc_row wpb_row vc_row-fluid\"><div class=\"container\"><div class=\"row\"><div class=\"wpb_column vc_column_container vc_col-sm-12 vc_col-lg-offset-1 vc_col-lg-10 vc_col-md-offset-1 vc_col-md-10 vc_col-xs-12\">\n    <div class=\"vc_column-inner\">\n        <div class=\"wpb_wrapper\">\n            <div class=\"wpb_revslider_element wpb_content_element\">\n\t\t\t<!-- START Wellness REVOLUTION SLIDER 6.1.5 --><p class=\"rs-p-wp-fix\"><\/p>\n\t\t\t<rs-module-wrap id=\"rev_slider_7_1_wrapper\" data-source=\"gallery\" style=\"background:transparent;padding:0;\">\n\t\t\t\t<rs-module id=\"rev_slider_7_1\" style=\"display:none;\" data-version=\"6.1.5\">\n\t\t\t\t\t<rs-slides>\n\t\t\t\t\t\t<rs-slide data-key=\"rs-12\" data-title=\"Slide\" data-anim=\"ei:d;eo:d;s:1000;r:0;t:fade;sl:0;\">\n\t\t\t\t\t\t\t<img src=\"\/\/schwarzwald-sonnenhof.de\/wp-content\/uploads\/2020\/06\/IMG_0554_01-scaled.jpg\" title=\"IMG_0554_01\" width=\"2560\" height=\"1440\" data-bg=\"p:left center;\" data-panzoom=\"d:10000ms;e:Power0.easeInOut;ss:100;se:110%;\" class=\"rev-slidebg\" data-no-retina>\n<!--\n\t\t\t\t\t\t\t--><rs-layer\n\t\t\t\t\t\t\t\tid=\"slider-7-slide-12-layer-0\" \n\t\t\t\t\t\t\t\tdata-type=\"text\"\n\t\t\t\t\t\t\t\tdata-rsp_ch=\"on\"\n\t\t\t\t\t\t\t\tdata-xy=\"x:c;y:m;yo:-80px,-60px,-60px,-50px;\"\n\t\t\t\t\t\t\t\tdata-text=\"w:normal;s:150,110,110,90;l:170,90,90,80;\"\n\t\t\t\t\t\t\t\tdata-dim=\"w:auto,auto,auto,403px;\"\n\t\t\t\t\t\t\t\tdata-frame_0=\"x:-50,-26,-19,-11;\"\n\t\t\t\t\t\t\t\tdata-frame_1=\"st:90;sp:1000;\"\n\t\t\t\t\t\t\t\tdata-frame_999=\"o:0;st:w;sR:7870;\"\n\t\t\t\t\t\t\t\tstyle=\"z-index:10;font-family:Herr Von Muellerhoff;\"\n\t\t\t\t\t\t\t>Willkommen in der Oase der Ruhe \n\t\t\t\t\t\t\t<\/rs-layer><!--\n\n\t\t\t\t\t\t\t--><rs-layer\n\t\t\t\t\t\t\t\tid=\"slider-7-slide-12-layer-2\" \n\t\t\t\t\t\t\t\tdata-type=\"shape\"\n\t\t\t\t\t\t\t\tdata-rsp_ch=\"on\"\n\t\t\t\t\t\t\t\tdata-xy=\"xo:-11px,-5px,-3px,-1px;yo:-308px,-164px,-124px,-76px;\"\n\t\t\t\t\t\t\t\tdata-text=\"w:normal;s:20,10,7,4;l:0,13,9,6;\"\n\t\t\t\t\t\t\t\tdata-dim=\"w:2412px,1286px,977px,1335px;h:1447px,771px,585px,801px;\"\n\t\t\t\t\t\t\t\tdata-frame_999=\"o:0;st:w;\"\n\t\t\t\t\t\t\t\tstyle=\"z-index:8;background-color:rgba(41,33,25,0.3);\"\n\t\t\t\t\t\t\t> \n\t\t\t\t\t\t\t<\/rs-layer><!--\n-->\t\t\t\t\t\t<\/rs-slide>\n\t\t\t\t\t<\/rs-slides>\n\t\t\t\t\t<rs-progress class=\"rs-bottom\" style=\"visibility: hidden !important;\"><\/rs-progress>\n\t\t\t\t<\/rs-module>\n\t\t\t\t<script type=\"text\/javascript\">\n\t\t\t\t\tsetREVStartSize({c: 'rev_slider_7_1',rl:[1240,1024,778,480],el:[868,768,960,720],gw:[1920,1024,778,480],gh:[868,768,960,720],layout:'fullscreen',offsetContainer:'',offset:'',mh:\"0\"});\n\t\t\t\t\tvar\trevapi7,\n\t\t\t\t\t\ttpj;\n\t\t\t\t\tjQuery(function() {\n\t\t\t\t\t\ttpj = jQuery;\n\t\t\t\t\t\tif(tpj(\"#rev_slider_7_1\").revolution == undefined){\n\t\t\t\t\t\t\trevslider_showDoubleJqueryError(\"#rev_slider_7_1\");\n\t\t\t\t\t\t}else{\n\t\t\t\t\t\t\trevapi7 = tpj(\"#rev_slider_7_1\").show().revolution({\n\t\t\t\t\t\t\t\tjsFileLocation:\"\/\/schwarzwald-sonnenhof.de\/wp-content\/plugins\/revslider\/public\/assets\/js\/\",\n\t\t\t\t\t\t\t\tsliderLayout:\"fullscreen\",\n\t\t\t\t\t\t\t\tvisibilityLevels:\"1240,1024,778,480\",\n\t\t\t\t\t\t\t\tgridwidth:\"1920,1024,778,480\",\n\t\t\t\t\t\t\t\tgridheight:\"868,768,960,720\",\n\t\t\t\t\t\t\t\tminHeight:\"\",\n\t\t\t\t\t\t\t\tspinner:\"spinner0\",\n\t\t\t\t\t\t\t\teditorheight:\"868,768,960,720\",\n\t\t\t\t\t\t\t\tresponsiveLevels:\"1240,1024,778,480\",\n\t\t\t\t\t\t\t\tdisableProgressBar:\"on\",\n\t\t\t\t\t\t\t\tnavigation: {\n\t\t\t\t\t\t\t\t\tonHoverStop:false\n\t\t\t\t\t\t\t\t},\n\t\t\t\t\t\t\t\tfallbacks: {\n\t\t\t\t\t\t\t\t\tallowHTML5AutoPlayOnAndroid:true\n\t\t\t\t\t\t\t\t},\n\t\t\t\t\t\t\t});\n\t\t\t\t\t\t}\n\t\t\t\t\t\t\n\t\t\t\t\t});\n\t\t\t\t<\/script>\n\t\t\t<\/rs-module-wrap>\n\t\t\t<!-- END REVOLUTION SLIDER -->\n<\/div>        <\/div>\n    <\/div>\n<\/div><\/div><\/div><\/div><\/div><div class=\"container vc_container  vc_custom_1542779757919\" ><div class=\"vc_row wpb_row vc_row-fluid\"><div class=\"wpb_column vc_column_container vc_col-sm-12 vc_col-lg-4 vc_col-md-12\">\n    <div class=\"vc_column-inner\">\n        <div class=\"wpb_wrapper\">\n            <h5 style=\"font-size: 90px;color: #e8d0b8;text-align: left;font-family:Herr Von Muellerhoff;font-weight:400;font-style:normal\" class=\"vc_custom_heading   text-left\">Ruheoase<\/h5><h3 style=\"font-size: 30px;text-align: left;font-family:Roboto;font-weight:700;font-style:normal\" class=\"vc_custom_heading vc_custom_1611742209960   text-left\">Wir w\u00fcnschen Ihnen eine sch\u00f6ne Entspannung<\/h3>        <\/div>\n    <\/div>\n<\/div><div class=\"wpb_column vc_column_container vc_col-sm-12 vc_col-lg-4 vc_col-md-6\">\n    <div class=\"vc_column-inner\">\n        <div class=\"wpb_wrapper\">\n            \n\t<div class=\"wpb_text_column wpb_content_element\" >\n\t\t<div class=\"wpb_wrapper\">\n\t\t\t<p>Entspannt werden, entspannt sein, entspannt bleiben! Treten Sie ein in unser Saunadorf \u201eOase der Ruhe\u201c und bringen Sie K\u00f6rper und Seele in Einklang. F\u00fcr die k\u00f6rperliche Fitness l\u00e4dt unser Fitnessraum Sie t\u00e4glich ein.<\/p>\n<p>In der &#8220; Oase der Ruhe &#8220; ist man von Kopf bis Fu\u00df auf Ihre\u00a0Entspannung und Gesundheit eingestellt und bietet neben ganzheitlicher Entspannung, vielf\u00e4ltige Massageanwendungen und spezielle Sch\u00f6nheitsprogramme f\u00fcr Sie und auch Ihn.<\/p>\n<p>Ebenfalls k\u00f6nnen Sie sich eine wohltuende Massage buchen unter info@wellness-und-erholung.de<\/p>\n\n\t\t<\/div>\n\t<\/div>\n        <\/div>\n    <\/div>\n<\/div><div class=\"wpb_column vc_column_container vc_col-sm-12 vc_col-lg-4 vc_col-md-6\">\n    <div class=\"vc_column-inner\">\n        <div class=\"wpb_wrapper\">\n            \n\t<div class=\"wpb_text_column wpb_content_element\" >\n\t\t<div class=\"wpb_wrapper\">\n\t\t\t<p>Atmen Sie auf in unserem Saunadorf, finden Sie Ruhe in unserer Wellnessoase und genie\u00dfen Sie entspannende Momente bei einer unserer Behandlungen . Angefangen von SPA Anwendungen bishin zu Massagen, K\u00f6rperbehandlungen und Kosmetik bieten wir f\u00fcr all unseren G\u00e4sten die passende Behandlung, die alle wohltuenden Kr\u00e4fte der umliegenden Natur vereint und Ihnen all das bietet, was es braucht, um gest\u00e4rkt und vitalisiert aus dem Urlaub heimkehren zu k\u00f6nnen<\/p>\n\n\t\t<\/div>\n\t<\/div>\n        <\/div>\n    <\/div>\n<\/div><\/div><\/div><div class=\"container-fluid vc_container-fluid  vc_custom_1539247964793\" ><div class=\"vc_row wpb_row vc_row-fluid\"><div class=\"container-fluid stm_no_side_pd\"><div class=\"row\"><div class=\"wpb_column vc_column_container vc_col-sm-6 vc_col-lg-3 vc_col-md-6 vc_col-xs-12\">\n    <div class=\"vc_column-inner\">\n        <div class=\"wpb_wrapper\">\n            \r\n<div class=\"stm_infobox stm_infobox_style_2 infobox_3cd98b78c1c86acf35fd581eb1ff5dea\">\r\n\r\n    <div class=\"stm_infobox_bg\"><\/div>\r\n\r\n    <div class=\"inner\">\r\n\r\n        <div class=\"stm_infobox_front\">\r\n\r\n                            <i class=\"stm_infobox__icon mtc stmicon-hotel-sauna\"><\/i>\r\n            \r\n                            <h4>Saunadorf<\/h4>\r\n            \r\n        <\/div>\r\n\r\n        <div class=\"stm_infobox_back\">\r\n\r\n                            <h2>Saunadorf<\/h2>\r\n            \r\n                            <p>Entspannt werden, entspannt sein, entspannt bleiben! Treten Sie ein in unser Saunadorf \u201eOase der Ruhe\u201c und bringen Sie K\u00f6rper und Seele in Einklang.<\/p>\n<p>\u00d6ffnungszeiten<\/p>\n<p>So &#8211; Fr: 15:00 &#8211; 19:00<\/p>\n<p>Sa: 11:30 &#8211; 19:00<\/p>\r\n            \r\n        <\/div>\r\n    <\/div>\r\n\r\n<\/div>        <\/div>\n    <\/div>\n<\/div><div class=\"wpb_column vc_column_container vc_col-sm-6 vc_col-lg-3 vc_col-md-6 vc_col-xs-12\">\n    <div class=\"vc_column-inner\">\n        <div class=\"wpb_wrapper\">\n            \r\n<div class=\"stm_infobox stm_infobox_style_2 infobox_c704703f1523207640ed475eb413edae\">\r\n\r\n    <div class=\"stm_infobox_bg\"><\/div>\r\n\r\n    <div class=\"inner\">\r\n\r\n        <div class=\"stm_infobox_front\">\r\n\r\n                            <i class=\"stm_infobox__icon mtc stmicon-sport-centre1\"><\/i>\r\n            \r\n                            <h4>Sport &amp; Fitness<\/h4>\r\n            \r\n        <\/div>\r\n\r\n        <div class=\"stm_infobox_back\">\r\n\r\n                            <h2>Sport &amp; Fitness<\/h2>\r\n            \r\n                            <p>F\u00fcr die k\u00f6rperliche Fitness l\u00e4dt nicht nur unser Fitnessraum Sie t\u00e4glich ein, sondern ebenfalls die freie Natur im Luftkurort Langenbrand.<\/p>\r\n            \r\n        <\/div>\r\n    <\/div>\r\n\r\n<\/div>        <\/div>\n    <\/div>\n<\/div><div class=\"wpb_column vc_column_container vc_col-sm-6 vc_col-lg-3 vc_col-md-6 vc_col-xs-12\">\n    <div class=\"vc_column-inner\">\n        <div class=\"wpb_wrapper\">\n            \r\n<div class=\"stm_infobox stm_infobox_style_2 infobox_687b3c4f8d2310c46ac10b7b3ef65fb3\">\r\n\r\n    <div class=\"stm_infobox_bg\"><\/div>\r\n\r\n    <div class=\"inner\">\r\n\r\n        <div class=\"stm_infobox_front\">\r\n\r\n                            <i class=\"stm_infobox__icon mtc stmicon-landscape\"><\/i>\r\n            \r\n                            <h4>Wander- und Natur- Paradies<\/h4>\r\n            \r\n        <\/div>\r\n\r\n        <div class=\"stm_infobox_back\">\r\n\r\n                            <h2>Wander- und Natur- Paradies<\/h2>\r\n            \r\n                            <p>Kilometerlange Wanderstrecken sowie einzigartige Aussichten warten auf Sie, die von Ihnen entdeckt werden wollen. Gut ausgebaute Radwege f\u00fcr Mountainbiker und Radfahrer, E-Bike-Touren und Fahrrad-Verleih runden das Angebot ab.<\/p>\r\n            \r\n        <\/div>\r\n    <\/div>\r\n\r\n<\/div>        <\/div>\n    <\/div>\n<\/div><div class=\"wpb_column vc_column_container vc_col-sm-6 vc_col-lg-3 vc_col-md-6 vc_col-xs-12\">\n    <div class=\"vc_column-inner\">\n        <div class=\"wpb_wrapper\">\n            \r\n<div class=\"stm_infobox stm_infobox_style_2 infobox_a85034b5856cec8741ca59eb1b51156d\">\r\n\r\n    <div class=\"stm_infobox_bg\"><\/div>\r\n\r\n    <div class=\"inner\">\r\n\r\n        <div class=\"stm_infobox_front\">\r\n\r\n                            <i class=\"stm_infobox__icon mtc fa fa-snowflake-o\"><\/i>\r\n            \r\n                            <h4>Wintertraum<\/h4>\r\n            \r\n        <\/div>\r\n\r\n        <div class=\"stm_infobox_back\">\r\n\r\n                            <h2>Wintertraum<\/h2>\r\n            \r\n                            <p>Schneeschuhwandern, Schlitten fahren, Langlauf oder auch in der m\u00e4rchenhaften Schneelandschaft spazieren gehen, machen den Aufenthalt im Winter genauso interessant wie an sonnigen Tagen.<\/p>\r\n            \r\n        <\/div>\r\n    <\/div>\r\n\r\n<\/div>        <\/div>\n    <\/div>\n<\/div><\/div><\/div><\/div><\/div><div class=\"container vc_container  vc_custom_1542779757919\" ><div class=\"vc_row wpb_row vc_row-fluid\"><div class=\"wpb_column vc_column_container vc_col-sm-12 vc_col-lg-4 vc_col-md-12\">\n    <div class=\"vc_column-inner\">\n        <div class=\"wpb_wrapper\">\n            <h5 style=\"font-size: 90px;color: #e8d0b8;text-align: left;font-family:Herr Von Muellerhoff;font-weight:400;font-style:normal\" class=\"vc_custom_heading   text-left\">Wellnessangebot<\/h5><div class=\"vc_separator wpb_content_element vc_separator_align_center vc_sep_width_100 vc_sep_pos_align_center vc_separator_no_text vc_sep_color_white\" ><span class=\"vc_sep_holder vc_sep_holder_l\"><span  class=\"vc_sep_line\"><\/span><\/span><span class=\"vc_sep_holder vc_sep_holder_r\"><span  class=\"vc_sep_line\"><\/span><\/span>\n<\/div><h3 style=\"font-size: 30px;text-align: left;font-family:Roboto;font-weight:700;font-style:normal\" class=\"vc_custom_heading vc_custom_1611743422659   text-left\">All Inklusive Wohlf\u00fchlen<\/h3>        <\/div>\n    <\/div>\n<\/div><div class=\"wpb_column vc_column_container vc_col-sm-12 vc_col-lg-4 vc_col-md-6\">\n    <div class=\"vc_column-inner\">\n        <div class=\"wpb_wrapper\">\n            \n\t<div class=\"wpb_text_column wpb_content_element\" >\n\t\t<div class=\"wpb_wrapper\">\n\t\t\t<p>Relaxen Sie in unserem Saunadorf und g\u00f6nnen Sie sich eine Auszeit. Unsere Wellnessangebote unterst\u00fctzen Sie dabei, sich so richtig zu entspannen&#8230;.so ist Harmonie die Basis f\u00fcr Gesundheit&#8230; In der Ruheoasen (mit bequemen Liegen) findet man zu sich selbst \u2013 oder einfach ein paar Minuten erholsamen Schlaf zwischendurch. Dazu eine herrlich entspannende\u00a0Massage.<\/p>\n\n\t\t<\/div>\n\t<\/div>\n        <\/div>\n    <\/div>\n<\/div><div class=\"wpb_column vc_column_container vc_col-sm-12 vc_col-lg-4 vc_col-md-6\">\n    <div class=\"vc_column-inner\">\n        <div class=\"wpb_wrapper\">\n            \n\t<div class=\"wpb_text_column wpb_content_element\" >\n\t\t<div class=\"wpb_wrapper\">\n\t\t\t<p><strong>Zum Wohlf\u00fchlen alles inklusive:<\/strong><\/p>\n<ul>\n<li>Erlebniskulinarium<\/li>\n<li>Ben\u00fctzung des Saunadorfes<\/li>\n<li>Sportliche Aktivit\u00e4ten und Freizeitprogramm<\/li>\n<li>Im Sommer ein Wander- und Natur- Paradies<\/li>\n<li>im Winter ein Traum f\u00fcr Schneewanderer<\/li>\n<\/ul>\n\n\t\t<\/div>\n\t<\/div>\n        <\/div>\n    <\/div>\n<\/div><\/div><\/div><div class=\"container vc_container\" ><div class=\"vc_row wpb_row vc_row-fluid\"><div class=\"wpb_column vc_column_container vc_col-sm-12\">\n    <div class=\"vc_column-inner\">\n        <div class=\"wpb_wrapper\">\n            \n<div class=\"vc_grid-container-wrapper vc_clearfix\">\n\t<div class=\"vc_grid-container vc_clearfix wpb_content_element vc_media_grid\" data-initial-loading-animation=\"fadeIn\" data-vc-grid-settings=\"{&quot;page_id&quot;:1851,&quot;style&quot;:&quot;all&quot;,&quot;action&quot;:&quot;vc_get_vc_grid_data&quot;,&quot;shortcode_id&quot;:&quot;1762681617409-0c09b53e-6bfe-1&quot;,&quot;tag&quot;:&quot;vc_media_grid&quot;}\" data-vc-request=\"https:\/\/schwarzwald-sonnenhof.de\/wp-admin\/admin-ajax.php\" data-vc-post-id=\"1851\" data-vc-public-nonce=\"b64bf932a4\">\n\t\t\n\t<\/div>\n<\/div>        <\/div>\n    <\/div>\n<\/div><\/div><\/div>","protected":false},"excerpt":{"rendered":"Willkommen in der Oase der Ruhe RuheoaseWir w\u00fcnschen Ihnen eine sch\u00f6ne Entspannung Entspannt werden, entspannt sein, entspannt bleiben! Treten Sie ein in unser Saunadorf \u201eOase der Ruhe\u201c und bringen Sie K\u00f6rper und Seele in Einklang. F\u00fcr die k\u00f6rperliche Fitness l\u00e4dt unser Fitnessraum Sie t\u00e4glich ein. In der \" Oase der Ruhe \" ist man von [...]","protected":false},"author":1,"featured_media":0,"parent":0,"menu_order":0,"comment_status":"closed","ping_status":"closed","template":"","meta":[],"_links":{"self":[{"href":"https:\/\/schwarzwald-sonnenhof.de\/en\/wp-json\/wp\/v2\/pages\/1851"}],"collection":[{"href":"https:\/\/schwarzwald-sonnenhof.de\/en\/wp-json\/wp\/v2\/pages"}],"about":[{"href":"https:\/\/schwarzwald-sonnenhof.de\/en\/wp-json\/wp\/v2\/types\/page"}],"author":[{"embeddable":true,"href":"https:\/\/schwarzwald-sonnenhof.de\/en\/wp-json\/wp\/v2\/users\/1"}],"replies":[{"embeddable":true,"href":"https:\/\/schwarzwald-sonnenhof.de\/en\/wp-json\/wp\/v2\/comments?post=1851"}],"version-history":[{"count":31,"href":"https:\/\/schwarzwald-sonnenhof.de\/en\/wp-json\/wp\/v2\/pages\/1851\/revisions"}],"predecessor-version":[{"id":2470,"href":"https:\/\/schwarzwald-sonnenhof.de\/en\/wp-json\/wp\/v2\/pages\/1851\/revisions\/2470"}],"wp:attachment":[{"href":"https:\/\/schwarzwald-sonnenhof.de\/en\/wp-json\/wp\/v2\/media?parent=1851"}],"curies":[{"name":"wp","href":"https:\/\/api.w.org\/{rel}","templated":true}]}}