{"id":168,"date":"2018-06-05T04:15:54","date_gmt":"2018-06-05T04:15:54","guid":{"rendered":"http:\/\/multipurpose.loc\/hotel\/?page_id=168"},"modified":"2021-04-04T17:30:28","modified_gmt":"2021-04-04T17:30:28","slug":"kontakt","status":"publish","type":"page","link":"https:\/\/schwarzwald-sonnenhof.de\/en\/kontakt","title":{"rendered":"Contact"},"content":{"rendered":"<div class=\"container vc_container  vc_custom_1531906799465\" ><div class=\"vc_row wpb_row vc_row-fluid\"><div class=\"wpb_column vc_column_container vc_col-sm-12 vc_col-lg-8 vc_col-md-8\">\n    <div class=\"vc_column-inner\">\n        <div class=\"wpb_wrapper\">\n            \n\t<div class=\"wpb_text_column wpb_content_element\" >\n\t\t<div class=\"wpb_wrapper\">\n\t\t\t<p>Schreiben Sie uns eine E-Mail oder rufen Sie einfach an. Wir bem\u00fchen uns Ihr Anliegen schnellstm\u00f6glich zu bearbeiten. Vielen Dank!<\/p>\n\n\t\t<\/div>\n\t<\/div>\n\n<div class=\"wpcf7 no-js\" id=\"wpcf7-f172-o1\" lang=\"en-US\" dir=\"ltr\">\n<div class=\"screen-reader-response\"><p role=\"status\" aria-live=\"polite\" aria-atomic=\"true\"><\/p> <ul><\/ul><\/div>\n<form action=\"\/en\/wp-json\/wp\/v2\/pages\/168#wpcf7-f172-o1\" method=\"post\" class=\"wpcf7-form init stm_cf7 stm_cf7_style_1\" aria-label=\"Contact form\" novalidate=\"novalidate\" data-status=\"init\" data-trp-original-action=\"\/en\/wp-json\/wp\/v2\/pages\/168#wpcf7-f172-o1\">\n<div style=\"display: none;\">\n<input type=\"hidden\" name=\"_wpcf7\" value=\"172\" \/>\n<input type=\"hidden\" name=\"_wpcf7_version\" value=\"5.7.3\" \/>\n<input type=\"hidden\" name=\"_wpcf7_locale\" value=\"en_US\" \/>\n<input type=\"hidden\" name=\"_wpcf7_unit_tag\" value=\"wpcf7-f172-o1\" \/>\n<input type=\"hidden\" name=\"_wpcf7_container_post\" value=\"0\" \/>\n<input type=\"hidden\" name=\"_wpcf7_posted_data_hash\" value=\"\" \/>\n<\/div>\n<div class=\"row\">\n\t<div class=\"col-md-6\">\n\t\t<div class=\"form-group\">\n\t\t\t<p><span class=\"wpcf7-form-control-wrap\" data-name=\"text-462\"><input size=\"40\" class=\"wpcf7-form-control wpcf7-text wpcf7-validates-as-required\" aria-required=\"true\" aria-invalid=\"false\" placeholder=\"Name\" value=\"\" type=\"text\" name=\"text-462\" \/><\/span>\n\t\t\t<\/p>\n\t\t<\/div>\n\t<\/div>\n\t<div class=\"col-md-6\">\n\t\t<div class=\"form-group\">\n\t\t\t<p><span class=\"wpcf7-form-control-wrap\" data-name=\"email-542\"><input size=\"40\" class=\"wpcf7-form-control wpcf7-text wpcf7-email wpcf7-validates-as-required wpcf7-validates-as-email\" aria-required=\"true\" aria-invalid=\"false\" placeholder=\"Email\" value=\"\" type=\"email\" name=\"email-542\" \/><\/span>\n\t\t\t<\/p>\n\t\t<\/div>\n\t<\/div>\n\t<div class=\"col-md-12\">\n\t\t<div class=\"form-group\">\n\t\t\t<p><span class=\"wpcf7-form-control-wrap\" data-name=\"textarea-269\"><textarea cols=\"40\" rows=\"3\" class=\"wpcf7-form-control wpcf7-textarea\" aria-invalid=\"false\" placeholder=\"Message\" name=\"textarea-269\"><\/textarea><\/span>\n\t\t\t<\/p>\n\t\t<\/div>\n\t<\/div>\n\t<div class=\"col-md-6\">\n\t\t<div class=\"form-group\">\n\t\t\t<p><input type=\"hidden\" name=\"_wpcf7_captcha_challenge_your-captcha\" value=\"2299571773\" \/><img class=\"wpcf7-form-control wpcf7-captchac wpcf7-captcha-your-captcha\" width=\"72\" height=\"24\" alt=\"captcha\" src=\"https:\/\/schwarzwald-sonnenhof.de\/wp-content\/uploads\/wpcf7_captcha\/2299571773.png\" \/><br \/>\n<label>Enter the code: <span class=\"wpcf7-form-control-wrap\" data-name=\"your-captcha\"><input size=\"40\" class=\"wpcf7-form-control wpcf7-captchar\" autocomplete=\"off\" aria-invalid=\"false\" value=\"\" type=\"text\" name=\"your-captcha\" \/><\/span><\/label>\n\t\t\t<\/p>\n\t\t<\/div>\n\t<\/div>\n\t<div class=\"col-md-12\">\n\t\t<div class=\"form-group\">\n\t\t\t<p><button class=\"wpcf7-form-control wpcf7-submit btn btn_solid btn_primary\" type=\"submit\">Senden<\/button>\n\t\t\t<\/p>\n\t\t<\/div>\n\t<\/div>\n<\/div><div class=\"wpcf7-response-output\" aria-hidden=\"true\"><\/div>\n<input type=\"hidden\" name=\"trp-form-language\" value=\"en\"\/><\/form>\n<\/div>\n        <\/div>\n    <\/div>\n<\/div><div class=\"wpb_column vc_column_container vc_col-sm-12 vc_col-lg-4 vc_col-md-4\">\n    <div class=\"vc_column-inner\">\n        <div class=\"wpb_wrapper\">\n            <aside class=\"widget widget_contacts widget_contacts_style_2 widget_contacts widget_contacts_style_2_style_2 wpb_content_element vc_widgets vc_custom_1617557122724\">\n        <div class=\"widget_contacts_inner\" itemscope itemtype=\"http:\/\/schema.org\/Organization\">\n\n                            <div class=\"stm-icontext stm-icontext_style2 stm-icontext__address\"\n                     data-title=\"Address\">\n                    <i class=\"stm-icontext__icon fa fa-home\"><\/i>\n                    <span class=\"stm-icontext__text\" itemprop=\"address\">\n                        Salmbacher Strasse 35, 75328 Sch\u00f6mberg-Langenbrand                    <\/span>\n                <\/div>\n                            <div class=\"stm-icontext stm-icontext_style2 stm-icontext__phone\"\n                     data-title=\"Phone\">\n                    <i class=\"stm-icontext__icon fa fa-phone-square\"><\/i>\n                    <span class=\"stm-icontext__text\" itemprop=\"telephone\">\n                        <a href=\"tel:+49 (0)7084\/92 40-0\">\n                        +49 (0)7084\/92 40-0                        <\/a>\n                    <\/span>\n                <\/div>\n                            <div class=\"stm-icontext stm-icontext_style2 stm-icontext__fax\"\n                     data-title=\"Fax\">\n                    <i class=\"stm-icontext__icon fa fa-fax\"><\/i>\n                    <span class=\"stm-icontext__text\" itemprop=\"faxNumber\">\n                        07084\/92 40-99                    <\/span>\n                <\/div>\n                            <div class=\"stm-icontext stm-icontext_style2 stm-icontext__email\"\n                     data-title=\"Email\">\n                    <i class=\"stm-icontext__icon fa fa-envelope\"><\/i>\n                    <span class=\"stm-icontext__text\">\n                        <a class=\"stm-effects_opacity\"\n                           itemprop=\"email\"\n                           href=\"mailto:info@schwarzwald-sonnenhof.de\">\n                            info@schwarzwald-sonnenhof.de                        <\/a>\n                    <\/span>\n                <\/div>\n                    <\/div>\n        <\/aside>        <\/div>\n    <\/div>\n<\/div><\/div><\/div><div class=\"container-fluid vc_container-fluid  vc_custom_1528179675214\" ><div class=\"vc_row wpb_row vc_row-fluid\"><div class=\"container-fluid stm_no_side_pd\"><div class=\"row\"><div class=\"wpb_column vc_column_container vc_col-sm-12\">\n    <div class=\"vc_column-inner\">\n        <div class=\"wpb_wrapper\">\n            <div class=\"stm_spacer\">\n    <div class=\"visible-lg\" style=\"height: 70px;\"><\/div>\n    <div class=\"visible-md\" style=\"height: 70px;\"><\/div>\n    <div class=\"visible-sm\" style=\"height: 50px;\"><\/div>\n    <div class=\"visible-xs\" style=\"height: 40px;\"><\/div>\n<\/div><div class=\"wpb_gmaps_widget wpb_content_element\"><div class=\"wpb_wrapper\"><div class=\"wpb_map_wraper\"><iframe src=\"https:\/\/www.google.com\/maps\/embed?pb=!1m18!1m12!1m3!1d2627.8525094497863!2d8.634121315302579!3d48.80379351250403!2m3!1f0!2f0!3f0!3m2!1i1024!2i768!4f13.1!3m3!1m2!1s0x47976c7be1aa2aa1%3A0x8779fed399a519d8!2sHotel%20Schwarzwald-Sonnenhof%20Sch%C3%B6mberg!5e0!3m2!1sde!2sde!4v1612728188227!5m2!1sde!2sde\" width=\"600\" height=\"450\" frameborder=\"0\" style=\"border:0;\" allowfullscreen=\"\" aria-hidden=\"false\" tabindex=\"0\"><\/iframe><\/div><\/div><\/div>        <\/div>\n    <\/div>\n<\/div><\/div><\/div><\/div><\/div>","protected":false},"excerpt":{"rendered":"Schreiben Sie uns eine E-Mail oder rufen Sie einfach an. Wir bem\u00fchen uns Ihr Anliegen schnellstm\u00f6glich zu bearbeiten. Vielen Dank! Enter the code: Senden Salmbacher Strasse 35, 75328 Sch\u00f6mberg-Langenbrand +49 (0)7084\/92 40-0 07084\/92 40-99 info@schwarzwald-sonnenhof.de","protected":false},"author":1,"featured_media":0,"parent":0,"menu_order":0,"comment_status":"closed","ping_status":"closed","template":"","meta":[],"_links":{"self":[{"href":"https:\/\/schwarzwald-sonnenhof.de\/en\/wp-json\/wp\/v2\/pages\/168"}],"collection":[{"href":"https:\/\/schwarzwald-sonnenhof.de\/en\/wp-json\/wp\/v2\/pages"}],"about":[{"href":"https:\/\/schwarzwald-sonnenhof.de\/en\/wp-json\/wp\/v2\/types\/page"}],"author":[{"embeddable":true,"href":"https:\/\/schwarzwald-sonnenhof.de\/en\/wp-json\/wp\/v2\/users\/1"}],"replies":[{"embeddable":true,"href":"https:\/\/schwarzwald-sonnenhof.de\/en\/wp-json\/wp\/v2\/comments?post=168"}],"version-history":[{"count":8,"href":"https:\/\/schwarzwald-sonnenhof.de\/en\/wp-json\/wp\/v2\/pages\/168\/revisions"}],"predecessor-version":[{"id":2070,"href":"https:\/\/schwarzwald-sonnenhof.de\/en\/wp-json\/wp\/v2\/pages\/168\/revisions\/2070"}],"wp:attachment":[{"href":"https:\/\/schwarzwald-sonnenhof.de\/en\/wp-json\/wp\/v2\/media?parent=168"}],"curies":[{"name":"wp","href":"https:\/\/api.w.org\/{rel}","templated":true}]}}