{"id":1656,"date":"2020-06-06T20:07:12","date_gmt":"2020-06-06T20:07:12","guid":{"rendered":"http:\/\/schwarzwald-sonnenhof.de\/?page_id=1656"},"modified":"2024-02-06T17:55:29","modified_gmt":"2024-02-06T17:55:29","slug":"tagung","status":"publish","type":"page","link":"https:\/\/schwarzwald-sonnenhof.de\/en\/tagung","title":{"rendered":"Tagung"},"content":{"rendered":"<div class=\"container vc_container\" ><div class=\"vc_row wpb_row vc_row-fluid\"><div class=\"wpb_column vc_column_container vc_col-sm-12\">\n    <div class=\"vc_column-inner\">\n        <div class=\"wpb_wrapper\">\n            <h5 style=\"font-size: 90px;color: #e8d0b8;text-align: center;font-family:Herr Von Muellerhoff;font-weight:400;font-style:normal\" class=\"vc_custom_heading   text-center\">Unsere Tagungsangebote<\/h5><div class=\"vc_separator wpb_content_element vc_separator_align_center vc_sep_width_100 vc_sep_pos_align_center vc_separator_no_text vc_sep_color_white\" ><span class=\"vc_sep_holder vc_sep_holder_l\"><span  class=\"vc_sep_line\"><\/span><\/span><span class=\"vc_sep_holder vc_sep_holder_r\"><span  class=\"vc_sep_line\"><\/span><\/span>\n<\/div>        <\/div>\n    <\/div>\n<\/div><\/div><\/div><div class=\"container vc_container\" ><div class=\"vc_row wpb_row vc_row-fluid\"><div class=\"wpb_column vc_column_container vc_col-sm-8\">\n    <div class=\"vc_column-inner\">\n        <div class=\"wpb_wrapper\">\n            \n\t<div class=\"wpb_text_column wpb_content_element\" >\n\t\t<div class=\"wpb_wrapper\">\n\t\t\t<p><strong>Willkommen im Hotel Schwarzwald-Sonnenhof, dem exklusiven Seminarhotel im Nord &#8211; Schwarzwald. <\/strong><strong>Zentral gelegen zwischen Stuttgart (40 Km)\u00a0und Karlsruhe (30 km).\u00a0<\/strong><strong>Weiterbildung, Incentives &amp; Team Building mit Schwarzw\u00e4lder Naturkulisse und Mehrwertangeboten.<\/strong><\/p>\n<p>Inspiration f\u00fcr globale Denker, Weitblick f\u00fcr selbstbewusste Entscheider und eine Traumkulisse f\u00fcr motivierte Teams \u2013 das famili\u00e4r gef\u00fchrte 4-Sterne-Hotel l\u00e4dt als exzellentes Seminarhotel im Schwarzwald mit seinen Seminarr\u00e4umen und erstklassiger Technik ein, hier eine neue \u00c4ra einzul\u00e4uten und Meilensteine in Ihrem Unternehmen zu setzen. Komfort und Eleganz definieren die Zimmer &amp; Suiten, die Ihre Gesch\u00e4ftspartner, Kunden beeindrucken. Auch kulinarisch hat sich das\u00a0Hotel als ausgezeichnetes Schlemmerhotel mit feinster K\u00fcche und einem regionalem Weinsortiment etabliert.<\/p>\n<p>Die\u00a0inspirierende Natur rundum ist dabei die Einladung zum kreativen Arbeiten und Teambildung.<\/p>\n\n\t\t<\/div>\n\t<\/div>\n<div class=\"vc_separator wpb_content_element vc_separator_align_center vc_sep_width_100 vc_sep_pos_align_center vc_separator_no_text vc_sep_color_white\" ><span class=\"vc_sep_holder vc_sep_holder_l\"><span  class=\"vc_sep_line\"><\/span><\/span><span class=\"vc_sep_holder vc_sep_holder_r\"><span  class=\"vc_sep_line\"><\/span><\/span>\n<\/div>        <\/div>\n    <\/div>\n<\/div><div class=\"wpb_column vc_column_container vc_col-sm-4\">\n    <div class=\"vc_column-inner\">\n        <div class=\"wpb_wrapper\">\n            <div class=\"vc_btn3-container vc_btn3-inline\" ><a onmouseleave=\"this.style.borderColor='#864055'; this.style.backgroundColor='transparent'; this.style.color='#864055'\" onmouseenter=\"this.style.borderColor='#864055'; this.style.backgroundColor='#864055'; this.style.color='#ffffff';\" style=\"border-color:#864055; color:#864055;\" class=\"vc_general vc_btn3 vc_btn3-size-lg vc_btn3-shape-rounded vc_btn3-style-outline-custom vc_btn3-icon-left\" href=\"https:\/\/schwarzwald-sonnenhof.de\/en\/tagungsanfrage\/\" title=\"TAGUNGSANFRAGE\"><i class=\"vc_btn3-icon stmicon-drafts\"><\/i> Tagung anfragen<\/a><\/div>        <\/div>\n    <\/div>\n<\/div><\/div><\/div><div class=\"container vc_container\" ><div class=\"vc_row wpb_row vc_row-fluid\"><div class=\"wpb_column vc_column_container vc_col-sm-12\">\n    <div class=\"vc_column-inner\">\n        <div class=\"wpb_wrapper\">\n            <h5 style=\"font-size: 90px;color: #e8d0b8;text-align: center;font-family:Herr Von Muellerhoff;font-weight:400;font-style:normal\" class=\"vc_custom_heading   text-center\">Unsere Tagungsr\u00e4ume<\/h5><div class=\"vc_separator wpb_content_element vc_separator_align_center vc_sep_width_100 vc_sep_pos_align_center vc_separator_no_text vc_sep_color_white\" ><span class=\"vc_sep_holder vc_sep_holder_l\"><span  class=\"vc_sep_line\"><\/span><\/span><span class=\"vc_sep_holder vc_sep_holder_r\"><span  class=\"vc_sep_line\"><\/span><\/span>\n<\/div>        <\/div>\n    <\/div>\n<\/div><\/div><\/div><div class=\"container vc_container\" ><div class=\"vc_row wpb_row vc_row-fluid\"><div class=\"wpb_column vc_column_container vc_col-sm-3\">\n    <div class=\"vc_column-inner\">\n        <div class=\"wpb_wrapper\">\n            \n\t<div  class=\"wpb_single_image wpb_content_element vc_align_center\">\n\t\t\n\t\t<figure class=\"wpb_wrapper vc_figure\">\n\t\t\t<div class=\"vc_single_image-wrapper   vc_box_border_grey\"><img srcset=\"https:\/\/schwarzwald-sonnenhof.de\/wp-content\/uploads\/2021\/02\/Tagung2-1000x1000.jpg 2x\" class=\"vc_single_image-img\" src=\"https:\/\/schwarzwald-sonnenhof.de\/wp-content\/uploads\/2021\/02\/Tagung2-500x500.jpg\" width=\"500\" height=\"500\" alt=\"Tagung2\" title=\"Tagung2\" \/><\/div>\n\t\t<\/figure>\n\t<\/div>\n        <\/div>\n    <\/div>\n<\/div><div class=\"wpb_column vc_column_container vc_col-sm-3\">\n    <div class=\"vc_column-inner\">\n        <div class=\"wpb_wrapper\">\n            \n\t<div  class=\"wpb_single_image wpb_content_element vc_align_center\">\n\t\t\n\t\t<figure class=\"wpb_wrapper vc_figure\">\n\t\t\t<div class=\"vc_single_image-wrapper   vc_box_border_grey\"><img srcset=\"https:\/\/schwarzwald-sonnenhof.de\/wp-content\/uploads\/2021\/02\/Tagung3-1000x1000.jpg 2x\" class=\"vc_single_image-img\" src=\"https:\/\/schwarzwald-sonnenhof.de\/wp-content\/uploads\/2021\/02\/Tagung3-500x500.jpg\" width=\"500\" height=\"500\" alt=\"Tagung3\" title=\"Tagung3\" \/><\/div>\n\t\t<\/figure>\n\t<\/div>\n        <\/div>\n    <\/div>\n<\/div><div class=\"wpb_column vc_column_container vc_col-sm-3\">\n    <div class=\"vc_column-inner\">\n        <div class=\"wpb_wrapper\">\n            \n\t<div  class=\"wpb_single_image wpb_content_element vc_align_center\">\n\t\t\n\t\t<figure class=\"wpb_wrapper vc_figure\">\n\t\t\t<div class=\"vc_single_image-wrapper   vc_box_border_grey\"><img srcset=\"https:\/\/schwarzwald-sonnenhof.de\/wp-content\/uploads\/2021\/02\/Tagung-1000x1000.jpg 2x\" class=\"vc_single_image-img\" src=\"https:\/\/schwarzwald-sonnenhof.de\/wp-content\/uploads\/2021\/02\/Tagung-500x500.jpg\" width=\"500\" height=\"500\" alt=\"Tagung\" title=\"Tagung\" \/><\/div>\n\t\t<\/figure>\n\t<\/div>\n        <\/div>\n    <\/div>\n<\/div><div class=\"wpb_column vc_column_container vc_col-sm-3\">\n    <div class=\"vc_column-inner\">\n        <div class=\"wpb_wrapper\">\n            \n\t<div  class=\"wpb_single_image wpb_content_element vc_align_center\">\n\t\t\n\t\t<figure class=\"wpb_wrapper vc_figure\">\n\t\t\t<div class=\"vc_single_image-wrapper   vc_box_border_grey\"><img srcset=\"https:\/\/schwarzwald-sonnenhof.de\/wp-content\/uploads\/2021\/02\/Tagung4-1000x1000.jpg 2x\" class=\"vc_single_image-img\" src=\"https:\/\/schwarzwald-sonnenhof.de\/wp-content\/uploads\/2021\/02\/Tagung4-500x500.jpg\" width=\"500\" height=\"500\" alt=\"Tagung4\" title=\"Tagung4\" \/><\/div>\n\t\t<\/figure>\n\t<\/div>\n        <\/div>\n    <\/div>\n<\/div><\/div><\/div><div class=\"container vc_container\" ><div class=\"vc_row wpb_row vc_row-fluid\"><div class=\"wpb_column vc_column_container vc_col-sm-4\">\n    <div class=\"vc_column-inner\">\n        <div class=\"wpb_wrapper\">\n            \n\t<div class=\"wpb_text_column wpb_content_element\" >\n\t\t<div class=\"wpb_wrapper\">\n\t\t\t<p><strong>Abwechslungsreiche Rahmenprogramme f\u00fcr Ihr Seminar im Schwarzwald<\/strong><\/p>\n<p>Was auch immer Sie erreichen wollen, wir vom Hotel Schwarzwald &#8211;\u00a0Sonnenhof sorgen daf\u00fcr, dass es voll Freude gelingt. Als kompetenter Partner f\u00fcr Ihr Seminar arrangieren wir unvergessliche Erlebnisse und schn\u00fcren ein perfektes Seminar- oder Incentive-Programm f\u00fcr Sie und Ihre G\u00e4ste. Gemeinsames Naturerlebnisse, Spannung in Hochseilg\u00e4rten oder winterliche Schnee-Schuhwanderungen oder Wanderungen in lauen Sommern\u00e4chten\u00a0und ein z\u00fcnftiger Wildererbrunch sind nur ein Auszug des M\u00f6glichen.<\/p>\n<p>Oder doch lieber gef\u00fchrtes Yoga und Meditation oder Personal Training? Sprechen Sie mit uns \u00fcber Ihre W\u00fcnsche, wir erf\u00fcllen sie mit Begeisterung bis ins kleinste Detail.<\/p>\n\n\t\t<\/div>\n\t<\/div>\n        <\/div>\n    <\/div>\n<\/div><div class=\"wpb_column vc_column_container vc_col-sm-4\">\n    <div class=\"vc_column-inner\">\n        <div class=\"wpb_wrapper\">\n            \n\t<div class=\"wpb_text_column wpb_content_element\" >\n\t\t<div class=\"wpb_wrapper\">\n\t\t\t<p><strong>Die Ausstattung der Seminarr\u00e4ume:<\/strong><\/p>\n<ul>\n<li>Hell und freundlich<\/li>\n<li>Tageslicht mit Blick ins Gr\u00fcne<\/li>\n<li>Verdunkelbar der R\u00e4ume ist gegeben<\/li>\n<li>Be- und Entl\u00fcftung<\/li>\n<li>direkter Zugang zur Terrasse oder in den Hotelgarten.<\/li>\n<\/ul>\n<p><strong>Medien: <\/strong>Beamer, Flip-Chart, Video &amp; TV, Leinwand, Moderatorkoffer und vieles mehr.<\/p>\n\n\t\t<\/div>\n\t<\/div>\n        <\/div>\n    <\/div>\n<\/div><div class=\"wpb_column vc_column_container vc_col-sm-4\">\n    <div class=\"vc_column-inner\">\n        <div class=\"wpb_wrapper\">\n            <div class=\"vc_btn3-container vc_btn3-inline\" ><a onmouseleave=\"this.style.borderColor='#864055'; this.style.backgroundColor='transparent'; this.style.color='#864055'\" onmouseenter=\"this.style.borderColor='#864055'; this.style.backgroundColor='#864055'; this.style.color='#ffffff';\" style=\"border-color:#864055; color:#864055;\" class=\"vc_general vc_btn3 vc_btn3-size-lg vc_btn3-shape-rounded vc_btn3-style-outline-custom vc_btn3-icon-left\" href=\"https:\/\/schwarzwald-sonnenhof.de\/en\/tagungsanfrage\/\" title=\"TAGUNGSANFRAGE\"><i class=\"vc_btn3-icon stmicon-drafts\"><\/i> Tagung anfragen<\/a><\/div>        <\/div>\n    <\/div>\n<\/div><\/div><\/div><div class=\"container vc_container\" ><div class=\"vc_row wpb_row vc_row-fluid\"><div class=\"wpb_column vc_column_container vc_col-sm-12\">\n    <div class=\"vc_column-inner\">\n        <div class=\"wpb_wrapper\">\n            <h5 style=\"font-size: 90px;color: #e8d0b8;text-align: center;font-family:Herr Von Muellerhoff;font-weight:400;font-style:normal\" class=\"vc_custom_heading   text-center\">Unsere Business Pauschalen<\/h5><div class=\"vc_separator wpb_content_element vc_separator_align_center vc_sep_width_100 vc_sep_pos_align_center vc_separator_no_text vc_sep_color_white\" ><span class=\"vc_sep_holder vc_sep_holder_l\"><span  class=\"vc_sep_line\"><\/span><\/span><span class=\"vc_sep_holder vc_sep_holder_r\"><span  class=\"vc_sep_line\"><\/span><\/span>\n<\/div>        <\/div>\n    <\/div>\n<\/div><\/div><\/div><div class=\"container vc_container\" ><div class=\"vc_row wpb_row vc_row-fluid\"><div class=\"wpb_column vc_column_container vc_col-sm-4\">\n    <div class=\"vc_column-inner\">\n        <div class=\"wpb_wrapper\">\n            \n\t<div class=\"wpb_text_column wpb_content_element\" >\n\t\t<div class=\"wpb_wrapper\">\n\t\t\t<p><strong>Business Pauschale I &#8211; ohne \u00dcbernachtung<\/strong><\/p>\n<p>von ca. 9.00 Uhr bis ca. 17.00 Uhr<\/p>\n<ul>\n<li>Begr\u00fc\u00dfungskaffee bei Anreise<\/li>\n<li>Kaffeepause am Vormittag nach Ihrer Zeitangabe Kaffee\/Tee\/Kakao<\/li>\n<li>Mittagessen als Lunchb\u00fcffet mit Suppe, drei verschiedenen Hauptgerichten zur Wahl davon einmal Vegetarisch, Dessert<\/li>\n<li>Nachmittagskaffee mit Kuchen oder Geb\u00e4ck<\/li>\n<li>Seminargetr\u00e4nke je 0,7l Mineralwasser, 0,25l Apfelsaft, pro Person<\/li>\n<li>Seminarraum inklusive: 1x Flipchart inkl. 25 Blatt Papier, 2x Pinnwand, 1x TV, 1x Beamer<\/li>\n<li>Kostenfreier Internetzugang \u00fcber hoteleigenes W- Lan oder DSL-Netzwerk<\/li>\n<\/ul>\n<p><u><strong><br \/>\npro Person und pro Tag Euro 75.&#8211;<\/strong><\/u><\/p>\n\n\t\t<\/div>\n\t<\/div>\n        <\/div>\n    <\/div>\n<\/div><div class=\"wpb_column vc_column_container vc_col-sm-4\">\n    <div class=\"vc_column-inner\">\n        <div class=\"wpb_wrapper\">\n            \n\t<div class=\"wpb_text_column wpb_content_element\" >\n\t\t<div class=\"wpb_wrapper\">\n\t\t\t<p><strong>Business Pauschale II &#8211; mit \u00dcbernachtung<\/strong><\/p>\n<ul>\n<li>Begr\u00fc\u00dfungskaffee bei Anreise<\/li>\n<li>\u00dcbernachtung im Einzelzimmer mit Bad oder DU\/ WC, Schminkspiegel, F\u00f6hn, Radio, Sat-Farb-TV, Telefon, Minibar, Zimmersafe, Schreibtisch<\/li>\n<li>Kostenfreier Internetzugang \u00fcber hoteleigenes W- Lan oder DSL-Netzwerk<\/li>\n<li>reichhaltiges Fr\u00fchst\u00fccksb\u00fcfett mit Bioecke<\/li>\n<li>Kaffeepause am Vormittag nach Ihrer Zeitangabe Kaffee\/Tee\/Kakao<\/li>\n<li>Mittagessen als Lunchb\u00fcffet mit Suppe, drei verschiedenen Hauptgerichten zur Wahl davon einmal Vegetarisch, Dessert<\/li>\n<li>Kaffeepause mit Kuchen oder Feingeb\u00e4ck<\/li>\n<li>Abendessen serviert\u00a0mit zwei Hauptgerichten zur Wahl<\/li>\n<li>Seminarraum inklusive: 1x Flipchart inkl 25 Blatt Papier, 2x Pinnwand, 1x TV, 1x Beamer<\/li>\n<\/ul>\n<p><u><strong>pro Person und pro Tag Euro 179.&#8211;<\/strong><\/u><\/p>\n\n\t\t<\/div>\n\t<\/div>\n        <\/div>\n    <\/div>\n<\/div><div class=\"wpb_column vc_column_container vc_col-sm-4\">\n    <div class=\"vc_column-inner\">\n        <div class=\"wpb_wrapper\">\n            \n\t<div class=\"wpb_text_column wpb_content_element\" >\n\t\t<div class=\"wpb_wrapper\">\n\t\t\t<p><strong>Business Pauschale III &#8211; mit \u00dcbernachtung<\/strong><\/p>\n<ul>\n<li>Begr\u00fc\u00dfungskaffee bei Anreise<\/li>\n<li>\u00dcbernachtung im Einzelzimmer mit Bad oder DU\/ WC, Schminkspiegel, F\u00f6hn, Radio, Sat-Farb-TV, Telefon, Minibar, Zimmersafe, Schreibtisch, Balkon oder Dachterrasse<\/li>\n<li>Kostenfreier Internetzugang \u00fcber hoteleigenes W- Lan oder DSL-Netzwerk<\/li>\n<li>reichhaltiges Fr\u00fchst\u00fccksb\u00fcfett mit Bioecke<\/li>\n<li>Kaffeepause am Vormittag nach Ihrer Zeitangabe Kaffee\/Tee\/Kakao<\/li>\n<li>Mittagessen als Lunchb\u00fcffet mit Suppe, drei verschiedenen Hauptgerichten zur Wahl davon einmal Vegetarisch, Dessert<\/li>\n<li>Kaffeepause mit Kuchen oder Feingeb\u00e4ck<\/li>\n<li>Abendessen 3-Gang-Men\u00fc serviert mit Suppe, drei verschiedenen Hauptgerichten zur Wahl davon einmal Vegetarisch, Dessert<\/li>\n<li>Seminarraum inklusive: Seminargetr\u00e4nke 0,7l Mineralwasser\u00a0 o,25 l Apfelsaft pro Person<\/li>\n<li>1x Flipchart inkl 25 Blatt Papier, 2x, Pinnwand, 1x TV, 1x Beamer, 1x Moderationskoffer<\/li>\n<\/ul>\n<p><u><strong>pro Person und pro Tag Euro 195.&#8211;<\/strong><\/u><\/p>\n\n\t\t<\/div>\n\t<\/div>\n        <\/div>\n    <\/div>\n<\/div><\/div><\/div><div class=\"container vc_container\" ><div class=\"vc_row wpb_row vc_row-fluid\"><div class=\"wpb_column vc_column_container vc_col-sm-12\">\n    <div class=\"vc_column-inner\">\n        <div class=\"wpb_wrapper\">\n            <div class=\"vc_separator wpb_content_element vc_separator_align_center vc_sep_width_100 vc_sep_pos_align_center vc_separator_no_text vc_sep_color_white\" ><span class=\"vc_sep_holder vc_sep_holder_l\"><span  class=\"vc_sep_line\"><\/span><\/span><span class=\"vc_sep_holder vc_sep_holder_r\"><span  class=\"vc_sep_line\"><\/span><\/span>\n<\/div><h5 style=\"font-size: 90px;color: #e8d0b8;text-align: center;font-family:Herr Von Muellerhoff;font-weight:400;font-style:normal\" class=\"vc_custom_heading   text-center\">Mehrwerte<\/h5><div class=\"vc_separator wpb_content_element vc_separator_align_center vc_sep_width_100 vc_sep_pos_align_center vc_separator_no_text vc_sep_color_white\" ><span class=\"vc_sep_holder vc_sep_holder_l\"><span  class=\"vc_sep_line\"><\/span><\/span><span class=\"vc_sep_holder vc_sep_holder_r\"><span  class=\"vc_sep_line\"><\/span><\/span>\n<\/div>        <\/div>\n    <\/div>\n<\/div><\/div><\/div><div class=\"container vc_container\" ><div class=\"vc_row wpb_row vc_row-fluid\"><div class=\"wpb_column vc_column_container vc_col-sm-3\">\n    <div class=\"vc_column-inner\">\n        <div class=\"wpb_wrapper\">\n            \n\n    <div class=\"stm_iconbox clearfix stm_iconbox_style_1 stm_iconbox69f8b0778cda2 text-left  stm_iconbox__icon-left clearfix\">\n                    <div class=\"stm_iconbox__icon\"\n                 style=\"width: 50px; height: 65px;\">\n                <i style=\"font-size:30px;font-weight: normal;\"\n                   class=\"mtc stmicon-local_parking\">\n                <\/i>\n            <\/div>\n                <div class=\"stm_iconbox__text\">\n                            <h5  class=\"no_line\"><span\n                            class=\"mtc_b\">Kostensloses Parken<\/span><\/h5>\n                        <div class=\"stm_iconbox__desc\">\n            <span class=\"stm_iconbox__dots\">\n                <span class=\"stm_iconbox__dot stm_iconbox__dot_first\"><\/span>\n                <span class=\"stm_iconbox__dot stm_iconbox__dot_second\"><\/span>\n                <span class=\"stm_iconbox__dot stm_iconbox__dot_third\"><\/span>\n            <\/span>\n                <p>Parkplatz vor dem Hotel<\/p>\n            <\/div>\n        <\/div>\n    <\/div>\n        <\/div>\n    <\/div>\n<\/div><div class=\"wpb_column vc_column_container vc_col-sm-3\">\n    <div class=\"vc_column-inner\">\n        <div class=\"wpb_wrapper\">\n            \n\n    <div class=\"stm_iconbox clearfix stm_iconbox_style_1 stm_iconbox69f8b0778cf5f text-left  stm_iconbox__icon-left clearfix\">\n                    <div class=\"stm_iconbox__icon\"\n                 style=\"width: 50px; height: 65px;\">\n                <i style=\"font-size:30px;font-weight: normal;\"\n                   class=\"mtc stmicon-wifi-1\">\n                <\/i>\n            <\/div>\n                <div class=\"stm_iconbox__text\">\n                            <h5  class=\"no_line\"><span\n                            class=\"mtc_b\">Freies W-Lan<\/span><\/h5>\n                        <div class=\"stm_iconbox__desc\">\n            <span class=\"stm_iconbox__dots\">\n                <span class=\"stm_iconbox__dot stm_iconbox__dot_first\"><\/span>\n                <span class=\"stm_iconbox__dot stm_iconbox__dot_second\"><\/span>\n                <span class=\"stm_iconbox__dot stm_iconbox__dot_third\"><\/span>\n            <\/span>\n                <p>in der Hotelhalle und im Zimmer<\/p>\n            <\/div>\n        <\/div>\n    <\/div>\n        <\/div>\n    <\/div>\n<\/div><div class=\"wpb_column vc_column_container vc_col-sm-3\">\n    <div class=\"vc_column-inner\">\n        <div class=\"wpb_wrapper\">\n            \n\n    <div class=\"stm_iconbox clearfix stm_iconbox_style_1 stm_iconbox69f8b0778d0c2 text-left  stm_iconbox__icon-left clearfix\">\n                    <div class=\"stm_iconbox__icon\"\n                 style=\"width: 50px; height: 65px;\">\n                <i style=\"font-size:30px;font-weight: normal;\"\n                   class=\"mtc fa fa-heart\">\n                <\/i>\n            <\/div>\n                <div class=\"stm_iconbox__text\">\n                            <h5  class=\"no_line\"><span\n                            class=\"mtc_b\">Wellness Ruheoase<\/span><\/h5>\n                        <div class=\"stm_iconbox__desc\">\n            <span class=\"stm_iconbox__dots\">\n                <span class=\"stm_iconbox__dot stm_iconbox__dot_first\"><\/span>\n                <span class=\"stm_iconbox__dot stm_iconbox__dot_second\"><\/span>\n                <span class=\"stm_iconbox__dot stm_iconbox__dot_third\"><\/span>\n            <\/span>\n                <p>zum Entspannen und Relaxen mit Saunapaket<\/p>\n            <\/div>\n        <\/div>\n    <\/div>\n        <\/div>\n    <\/div>\n<\/div><div class=\"wpb_column vc_column_container vc_col-sm-3\">\n    <div class=\"vc_column-inner\">\n        <div class=\"wpb_wrapper\">\n            \n\n    <div class=\"stm_iconbox clearfix stm_iconbox_style_1 stm_iconbox69f8b0778d23c text-left  stm_iconbox__icon-left clearfix\">\n                    <div class=\"stm_iconbox__icon\"\n                 style=\"width: 50px; height: 65px;\">\n                <i style=\"font-size:30px;font-weight: normal;\"\n                   class=\"mtc stmicon-pets\">\n                <\/i>\n            <\/div>\n                <div class=\"stm_iconbox__text\">\n                            <h5  class=\"no_line\"><span\n                            class=\"mtc_b\">Hundefreundlich<\/span><\/h5>\n                        <div class=\"stm_iconbox__desc\">\n            <span class=\"stm_iconbox__dots\">\n                <span class=\"stm_iconbox__dot stm_iconbox__dot_first\"><\/span>\n                <span class=\"stm_iconbox__dot stm_iconbox__dot_second\"><\/span>\n                <span class=\"stm_iconbox__dot stm_iconbox__dot_third\"><\/span>\n            <\/span>\n                <p>Hunde sind willkommen!<\/p>\n            <\/div>\n        <\/div>\n    <\/div>\n        <\/div>\n    <\/div>\n<\/div><\/div><\/div><div class=\"container vc_container\" ><div class=\"vc_row wpb_row vc_row-fluid\"><div class=\"wpb_column vc_column_container vc_col-sm-12\">\n    <div class=\"vc_column-inner\">\n        <div class=\"wpb_wrapper\">\n            <div class=\"vc_separator wpb_content_element vc_separator_align_center vc_sep_width_100 vc_sep_pos_align_center vc_separator_no_text vc_sep_color_white\" ><span class=\"vc_sep_holder vc_sep_holder_l\"><span  class=\"vc_sep_line\"><\/span><\/span><span class=\"vc_sep_holder vc_sep_holder_r\"><span  class=\"vc_sep_line\"><\/span><\/span>\n<\/div><div class=\"vc_btn3-container vc_btn3-center\" ><a onmouseleave=\"this.style.borderColor='#864055'; this.style.backgroundColor='transparent'; this.style.color='#864055'\" onmouseenter=\"this.style.borderColor='#864055'; this.style.backgroundColor='#864055'; this.style.color='#ffffff';\" style=\"border-color:#864055; color:#864055;\" class=\"vc_general vc_btn3 vc_btn3-size-lg vc_btn3-shape-rounded vc_btn3-style-outline-custom vc_btn3-block vc_btn3-icon-left\" href=\"https:\/\/schwarzwald-sonnenhof.de\/en\/tagungsanfrage\/\" title=\"TAGUNGSANFRAGE\"><i class=\"vc_btn3-icon stmicon-drafts\"><\/i> Tagung anfragen<\/a><\/div>        <\/div>\n    <\/div>\n<\/div><\/div><\/div>","protected":false},"excerpt":{"rendered":"Unsere Tagungsangebote Willkommen im Hotel Schwarzwald-Sonnenhof, dem exklusiven Seminarhotel im Nord - Schwarzwald. Zentral gelegen zwischen Stuttgart (40 Km)\u00a0und Karlsruhe (30 km).\u00a0Weiterbildung, Incentives &amp; Team Building mit Schwarzw\u00e4lder Naturkulisse und Mehrwertangeboten. Inspiration f\u00fcr globale Denker, Weitblick f\u00fcr selbstbewusste Entscheider und eine Traumkulisse f\u00fcr motivierte Teams \u2013 das famili\u00e4r gef\u00fchrte 4-Sterne-Hotel l\u00e4dt als exzellentes Seminarhotel im [...]","protected":false},"author":1,"featured_media":0,"parent":0,"menu_order":0,"comment_status":"closed","ping_status":"closed","template":"","meta":[],"_links":{"self":[{"href":"https:\/\/schwarzwald-sonnenhof.de\/en\/wp-json\/wp\/v2\/pages\/1656"}],"collection":[{"href":"https:\/\/schwarzwald-sonnenhof.de\/en\/wp-json\/wp\/v2\/pages"}],"about":[{"href":"https:\/\/schwarzwald-sonnenhof.de\/en\/wp-json\/wp\/v2\/types\/page"}],"author":[{"embeddable":true,"href":"https:\/\/schwarzwald-sonnenhof.de\/en\/wp-json\/wp\/v2\/users\/1"}],"replies":[{"embeddable":true,"href":"https:\/\/schwarzwald-sonnenhof.de\/en\/wp-json\/wp\/v2\/comments?post=1656"}],"version-history":[{"count":29,"href":"https:\/\/schwarzwald-sonnenhof.de\/en\/wp-json\/wp\/v2\/pages\/1656\/revisions"}],"predecessor-version":[{"id":2389,"href":"https:\/\/schwarzwald-sonnenhof.de\/en\/wp-json\/wp\/v2\/pages\/1656\/revisions\/2389"}],"wp:attachment":[{"href":"https:\/\/schwarzwald-sonnenhof.de\/en\/wp-json\/wp\/v2\/media?parent=1656"}],"curies":[{"name":"wp","href":"https:\/\/api.w.org\/{rel}","templated":true}]}}