{"id":1651,"date":"2020-06-06T19:56:03","date_gmt":"2020-06-06T19:56:03","guid":{"rendered":"http:\/\/schwarzwald-sonnenhof.de\/?page_id=1651"},"modified":"2021-04-04T17:51:04","modified_gmt":"2021-04-04T17:51:04","slug":"impressum","status":"publish","type":"page","link":"https:\/\/schwarzwald-sonnenhof.de\/en\/impressum","title":{"rendered":"Imprint"},"content":{"rendered":"<div class=\"container vc_container\" ><div class=\"vc_row wpb_row vc_row-fluid\"><div class=\"wpb_column vc_column_container vc_col-sm-12\">\n    <div class=\"vc_column-inner\">\n        <div class=\"wpb_wrapper\">\n            <div class=\"vc_tta-container\" data-vc-action=\"collapseAll\"><div class=\"vc_general vc_tta vc_tta-accordion vc_tta-color-grey vc_tta-style-modern vc_tta-shape-rounded vc_tta-o-shape-group vc_tta-controls-align-left vc_tta-o-all-clickable\"><div class=\"vc_tta-panels-container\"><div class=\"vc_tta-panels\"><div class=\"vc_tta-panel vc_active\" id=\"1591475106503-118d0855-d5fa\" data-vc-content=\".vc_tta-panel-body\"><div class=\"vc_tta-panel-heading\"><h4 class=\"vc_tta-panel-title vc_tta-controls-icon-position-left\"><a href=\"#1591475106503-118d0855-d5fa\" data-vc-accordion data-vc-container=\".vc_tta-container\"><span class=\"vc_tta-title-text\">Imprint<\/span><i class=\"vc_tta-controls-icon vc_tta-controls-icon-plus\"><\/i><\/a><\/h4><\/div><div class=\"vc_tta-panel-body\">\n\t<div class=\"wpb_text_column wpb_content_element\" >\n\t\t<div class=\"wpb_wrapper\">\n\t\t\t<p><strong>Schwarzwald-Sonnenhof GmbH &amp; Co.KG<\/strong><br \/>\nSalmbacher Strasse 35<br \/>\n75328 Sch\u00f6mberg-Langenbrand<\/p>\n<p>Telefon 07084\/92 40-0<br \/>\nTelefax 07084\/92 40-99<br \/>\neMail info(at)schwarzwald-sonnenhof.de<\/p>\n<p>Handelsregister:<br \/>\nAmtsgericht Stuttgart HRB 331125<br \/>\nUST-ID-Nr DE 49038\/08802<br \/>\nGesch\u00e4ftsf\u00fchrer: Hannelore Bub; J\u00fcrgen Bub; Frank Bub<\/p>\n<p>Inhaltlich verantwortlich gem\u00e4\u00df \u00a76 MDStV: J\u00fcrgen und Frank Bub<br \/>\nBildquellen: Schwarzwald-Sonnenhof, Adobe Stock, iStock (iStockphoto), Canva<\/p>\n<p>Pflichtinformation nach der Verordnung (EU) Nr. 524\/2013 des Europ\u00e4ischen Parlaments und Rats:<br \/>\nLink zur Homepage der Stelle f\u00fcr die Online-Beilegung verbraucherrechtlicher Streitigkeiten der Europ\u00e4ischen Kommission: http:\/\/ec.europa.eu\/consumers\/odr\/ &#8211; weiterf\u00fchrende Informationen stehen Ihnen dort voraussichtlich ab dem 15.02.2016 zur Verf\u00fcgung. F\u00fcr erste Fragen zu einer m\u00f6glichen Streitschlichtung stehen wir Ihnen unter info(at)schwarzwald-sonnenhof.de zur Verf\u00fcgung.<\/p>\n\n\t\t<\/div>\n\t<\/div>\n<\/div><\/div><div class=\"vc_tta-panel\" id=\"1591475106524-13eebdbb-26c8\" data-vc-content=\".vc_tta-panel-body\"><div class=\"vc_tta-panel-heading\"><h4 class=\"vc_tta-panel-title vc_tta-controls-icon-position-left\"><a href=\"#1591475106524-13eebdbb-26c8\" data-vc-accordion data-vc-container=\".vc_tta-container\"><span class=\"vc_tta-title-text\">Haftungshinweis<\/span><i class=\"vc_tta-controls-icon vc_tta-controls-icon-plus\"><\/i><\/a><\/h4><\/div><div class=\"vc_tta-panel-body\">\n\t<div class=\"wpb_text_column wpb_content_element\" >\n\t\t<div class=\"wpb_wrapper\">\n\t\t\t<p>Wir freuen uns \u00fcber Ihren Besuch auf unserer Website und \u00fcber Ihr Interesse am Schwarzwald-Sonnenhof. Trotz sorgf\u00e4ltiger inhaltlicher Kontrolle \u00fcbernehmen wir keine Haftung f\u00fcr die Inhalte externer Links. F\u00fcr den Inhalt der verlinkten Seiten sind ausschlie\u00dflich deren Betreiber verantwortlich.<\/p>\n\n\t\t<\/div>\n\t<\/div>\n<\/div><\/div><div class=\"vc_tta-panel\" id=\"1591475198066-974ecd14-ebb7\" data-vc-content=\".vc_tta-panel-body\"><div class=\"vc_tta-panel-heading\"><h4 class=\"vc_tta-panel-title vc_tta-controls-icon-position-left\"><a href=\"#1591475198066-974ecd14-ebb7\" data-vc-accordion data-vc-container=\".vc_tta-container\"><span class=\"vc_tta-title-text\">Webrealisation<\/span><i class=\"vc_tta-controls-icon vc_tta-controls-icon-plus\"><\/i><\/a><\/h4><\/div><div class=\"vc_tta-panel-body\">\n\t<div class=\"wpb_text_column wpb_content_element\" >\n\t\t<div class=\"wpb_wrapper\">\n\t\t\t<p>Schwarzwald-Sonnenhof GmbH &amp; Co.KG<\/p>\n\n\t\t<\/div>\n\t<\/div>\n<\/div><\/div><\/div><\/div><\/div><\/div>        <\/div>\n    <\/div>\n<\/div><\/div><\/div>","protected":false},"excerpt":{"rendered":"Impressum Schwarzwald-Sonnenhof GmbH &amp; Co.KG Salmbacher Strasse 35 75328 Sch\u00f6mberg-Langenbrand Telefon 07084\/92 40-0 Telefax 07084\/92 40-99 eMail info(at)schwarzwald-sonnenhof.de Handelsregister: Amtsgericht Stuttgart HRB 331125 UST-ID-Nr DE 49038\/08802 Gesch\u00e4ftsf\u00fchrer: Hannelore Bub; J\u00fcrgen Bub; Frank Bub Inhaltlich verantwortlich gem\u00e4\u00df \u00a76 MDStV: J\u00fcrgen und Frank Bub Bildquellen: Schwarzwald-Sonnenhof, Adobe Stock, iStock (iStockphoto), Canva Pflichtinformation nach der Verordnung (EU) Nr. [...]","protected":false},"author":1,"featured_media":0,"parent":0,"menu_order":0,"comment_status":"closed","ping_status":"closed","template":"","meta":[],"_links":{"self":[{"href":"https:\/\/schwarzwald-sonnenhof.de\/en\/wp-json\/wp\/v2\/pages\/1651"}],"collection":[{"href":"https:\/\/schwarzwald-sonnenhof.de\/en\/wp-json\/wp\/v2\/pages"}],"about":[{"href":"https:\/\/schwarzwald-sonnenhof.de\/en\/wp-json\/wp\/v2\/types\/page"}],"author":[{"embeddable":true,"href":"https:\/\/schwarzwald-sonnenhof.de\/en\/wp-json\/wp\/v2\/users\/1"}],"replies":[{"embeddable":true,"href":"https:\/\/schwarzwald-sonnenhof.de\/en\/wp-json\/wp\/v2\/comments?post=1651"}],"version-history":[{"count":4,"href":"https:\/\/schwarzwald-sonnenhof.de\/en\/wp-json\/wp\/v2\/pages\/1651\/revisions"}],"predecessor-version":[{"id":2074,"href":"https:\/\/schwarzwald-sonnenhof.de\/en\/wp-json\/wp\/v2\/pages\/1651\/revisions\/2074"}],"wp:attachment":[{"href":"https:\/\/schwarzwald-sonnenhof.de\/en\/wp-json\/wp\/v2\/media?parent=1651"}],"curies":[{"name":"wp","href":"https:\/\/api.w.org\/{rel}","templated":true}]}}