{"id":1885,"date":"2021-01-28T22:17:51","date_gmt":"2021-01-28T22:17:51","guid":{"rendered":"http:\/\/schwarzwald-sonnenhof.de\/?page_id=1885"},"modified":"2021-01-28T22:32:09","modified_gmt":"2021-01-28T22:32:09","slug":"tagungsanfrage","status":"publish","type":"page","link":"http:\/\/schwarzwald-sonnenhof.de\/en\/tagungsanfrage","title":{"rendered":"TAGUNGSANFRAGE"},"content":{"rendered":"<div class=\"container vc_container\" ><div class=\"vc_row wpb_row vc_row-fluid\"><div class=\"wpb_column vc_column_container vc_col-sm-12\">\n    <div class=\"vc_column-inner\">\n        <div class=\"wpb_wrapper\">\n            <h5 style=\"font-size: 90px;color: #e8d0b8;text-align: center;font-family:Herr Von Muellerhoff;font-weight:400;font-style:normal\" class=\"vc_custom_heading   text-center\">Tagungsanfrage<\/h5><div class=\"vc_separator wpb_content_element vc_separator_align_center vc_sep_width_100 vc_sep_pos_align_center vc_separator_no_text vc_sep_color_white\" ><span class=\"vc_sep_holder vc_sep_holder_l\"><span  class=\"vc_sep_line\"><\/span><\/span><span class=\"vc_sep_holder vc_sep_holder_r\"><span  class=\"vc_sep_line\"><\/span><\/span>\n<\/div>\n\t<div class=\"wpb_text_column wpb_content_element\" >\n\t\t<div class=\"wpb_wrapper\">\n\t\t\t<p><strong>Wir freuen uns darauf, Ihr Seminar in unserem 4 Sterne Hotel rundum gelungen zu gestalten.<br \/>\n<\/strong><\/p>\n\n\t\t<\/div>\n\t<\/div>\n        <\/div>\n    <\/div>\n<\/div><\/div><\/div><div class=\"container vc_container\" ><div class=\"vc_row wpb_row vc_row-fluid\"><div class=\"wpb_column vc_column_container vc_col-sm-12\">\n    <div class=\"vc_column-inner\">\n        <div class=\"wpb_wrapper\">\n            \n<div class=\"wpcf7 no-js\" id=\"wpcf7-f1665-o1\" lang=\"de-DE\" dir=\"ltr\">\n<div class=\"screen-reader-response\"><p role=\"status\" aria-live=\"polite\" aria-atomic=\"true\"><\/p> <ul><\/ul><\/div>\n<form action=\"\/en\/wp-json\/wp\/v2\/pages\/1885#wpcf7-f1665-o1\" method=\"post\" class=\"wpcf7-form init\" aria-label=\"Kontaktformular\" novalidate=\"novalidate\" data-status=\"init\" data-trp-original-action=\"\/en\/wp-json\/wp\/v2\/pages\/1885#wpcf7-f1665-o1\">\n<div style=\"display: none;\">\n<input type=\"hidden\" name=\"_wpcf7\" value=\"1665\" \/>\n<input type=\"hidden\" name=\"_wpcf7_version\" value=\"5.7.3\" \/>\n<input type=\"hidden\" name=\"_wpcf7_locale\" value=\"de_DE\" \/>\n<input type=\"hidden\" name=\"_wpcf7_unit_tag\" value=\"wpcf7-f1665-o1\" \/>\n<input type=\"hidden\" name=\"_wpcf7_container_post\" value=\"0\" \/>\n<input type=\"hidden\" name=\"_wpcf7_posted_data_hash\" value=\"\" \/>\n<\/div>\n<p><label> Betreff *<br \/>\n<span class=\"wpcf7-form-control-wrap\" data-name=\"your-subject\"><input size=\"40\" class=\"wpcf7-form-control wpcf7-text\" aria-invalid=\"false\" value=\"\" type=\"text\" name=\"your-subject\" \/><\/span> <\/label><br \/>\n<label> Firma\/Institution *<\/label><span class=\"wpcf7-form-control-wrap\" data-name=\"text-746\"><input size=\"40\" class=\"wpcf7-form-control wpcf7-text wpcf7-validates-as-required\" aria-required=\"true\" aria-invalid=\"false\" value=\"\" type=\"text\" name=\"text-746\" \/><\/span><br \/>\n<label> Ihr Name *<br \/>\n<span class=\"wpcf7-form-control-wrap\" data-name=\"your-name\"><input size=\"40\" class=\"wpcf7-form-control wpcf7-text wpcf7-validates-as-required\" aria-required=\"true\" aria-invalid=\"false\" value=\"\" type=\"text\" name=\"your-name\" \/><\/span> <\/label><br \/>\n<label> Ihre E-Mail-Adresse *<br \/>\n<span class=\"wpcf7-form-control-wrap\" data-name=\"your-email\"><input size=\"40\" class=\"wpcf7-form-control wpcf7-text wpcf7-email wpcf7-validates-as-required wpcf7-validates-as-email\" aria-required=\"true\" aria-invalid=\"false\" value=\"\" type=\"email\" name=\"your-email\" \/><\/span> <\/label><br \/>\n<label> Ihre Telefonnummer *<\/label><span class=\"wpcf7-form-control-wrap\" data-name=\"tel-947\"><input size=\"40\" class=\"wpcf7-form-control wpcf7-text wpcf7-tel wpcf7-validates-as-required wpcf7-validates-as-tel\" aria-required=\"true\" aria-invalid=\"false\" value=\"\" type=\"tel\" name=\"tel-947\" \/><\/span><br \/>\n<label> Tagung von *<\/label><span class=\"wpcf7-form-control-wrap\" data-name=\"date-488\"><input class=\"wpcf7-form-control wpcf7-date wpcf7-validates-as-required wpcf7-validates-as-date\" aria-required=\"true\" aria-invalid=\"false\" value=\"\" type=\"date\" name=\"date-488\" \/><\/span><br \/>\n<label> Tagung bis *<\/label><span class=\"wpcf7-form-control-wrap\" data-name=\"date-602\"><input class=\"wpcf7-form-control wpcf7-date wpcf7-validates-as-required wpcf7-validates-as-date\" aria-required=\"true\" aria-invalid=\"false\" value=\"\" type=\"date\" name=\"date-602\" \/><\/span><br \/>\n<label> Personenanzahl *<\/label><span class=\"wpcf7-form-control-wrap\" data-name=\"number-197\"><input class=\"wpcf7-form-control wpcf7-number wpcf7-validates-as-number\" min=\"0\" max=\"200\" aria-invalid=\"false\" value=\"\" type=\"number\" name=\"number-197\" \/><\/span><br \/>\n<label> Raumauswahl <\/label><span class=\"wpcf7-form-control-wrap\" data-name=\"menu-885\"><select class=\"wpcf7-form-control wpcf7-select wpcf7-validates-as-required\" aria-required=\"true\" aria-invalid=\"false\" name=\"menu-885\"><option value=\"\">&#8211; Bitte ausw\u00e4hlen &#8211;<\/option><option value=\"Parkblick\">Parkblick<\/option><option value=\"J\u00e4gerwinkel\">J\u00e4gerwinkel<\/option><option value=\"Eichwald\">Eichwald<\/option><option value=\"Hengstberg\">Hengstberg<\/option><option value=\"Ambiente\">Ambiente<\/option><option value=\"Sonstiges\">Sonstiges<\/option><\/select><\/span><br \/>\n<label> Business Pauschale * <\/label><span class=\"wpcf7-form-control-wrap\" data-name=\"menu-162\"><select class=\"wpcf7-form-control wpcf7-select\" aria-invalid=\"false\" name=\"menu-162\"><option value=\"\">&#8211; Bitte ausw\u00e4hlen &#8211;<\/option><option value=\"Business Pauschale I\">Business Pauschale I<\/option><option value=\"Business Pauschale II\">Business Pauschale II<\/option><option value=\"Business Pauschale III\">Business Pauschale III<\/option><\/select><\/span><br \/>\n<label> Werden Gruppenr\u00e4ume ben\u00f6tigt? *<\/label><span class=\"wpcf7-form-control-wrap\" data-name=\"menu-310\"><select class=\"wpcf7-form-control wpcf7-select\" aria-invalid=\"false\" name=\"menu-310\"><option value=\"\">&#8211; Bitte ausw\u00e4hlen &#8211;<\/option><option value=\"Ja\">Ja<\/option><option value=\"Nein\">Nein<\/option><\/select><\/span><br \/>\n<label> \u00dcbernachtungen? *<\/label><span class=\"wpcf7-form-control-wrap\" data-name=\"menu-693\"><select class=\"wpcf7-form-control wpcf7-select wpcf7-validates-as-required\" aria-required=\"true\" aria-invalid=\"false\" name=\"menu-693\"><option value=\"\">&#8211; Bitte ausw\u00e4hlen &#8211;<\/option><option value=\"Ja\">Ja<\/option><option value=\"Nein\">Nein<\/option><\/select><\/span><br \/>\n<label> Anreise <\/label><span class=\"wpcf7-form-control-wrap\" data-name=\"date-775\"><input class=\"wpcf7-form-control wpcf7-date wpcf7-validates-as-date\" aria-invalid=\"false\" value=\"\" type=\"date\" name=\"date-775\" \/><\/span><br \/>\n<label> Abreise <\/label><span class=\"wpcf7-form-control-wrap\" data-name=\"date-775\"><input class=\"wpcf7-form-control wpcf7-date wpcf7-validates-as-date\" aria-invalid=\"false\" value=\"\" type=\"date\" name=\"date-775\" \/><\/span><br \/>\n<label> Anzahl Einzelzimmer <\/label><span class=\"wpcf7-form-control-wrap\" data-name=\"number-9\"><input class=\"wpcf7-form-control wpcf7-number wpcf7-validates-as-number\" min=\"0\" max=\"100\" aria-invalid=\"false\" value=\"\" type=\"number\" name=\"number-9\" \/><\/span><br \/>\n<label> Anzahl Doppelzimmer <\/label><span class=\"wpcf7-form-control-wrap\" data-name=\"number-9\"><input class=\"wpcf7-form-control wpcf7-number wpcf7-validates-as-number\" min=\"0\" max=\"100\" aria-invalid=\"false\" value=\"\" type=\"number\" name=\"number-9\" \/><\/span><br \/>\n<span class=\"wpcf7-form-control-wrap\" data-name=\"acceptance-807\"><span class=\"wpcf7-form-control wpcf7-acceptance optional\"><span class=\"wpcf7-list-item\"><label><input type=\"checkbox\" name=\"acceptance-807\" value=\"1\" aria-invalid=\"false\" \/><span class=\"wpcf7-list-item-label\">Ja, ich habe die Datenschutzerkl\u00e4rung (Datenschutzerkl\u00e4rung) zur Kenntnis genommen und bin damit einverstanden, dass die von mir angegebenen Daten elektronisch erhoben und gespeichert werden. Meine Daten werden dabei nur streng zweckgebunden zur Bearbeitung und Beantwortung meiner Anfrage benutzt. Mit dem Absenden des Kontaktformulars erkl\u00e4re ich mich mit der Verarbeitung einverstanden.<\/span><\/label><\/span><\/span><\/span>\n<\/p>\n<p><button class=\"wpcf7-form-control wpcf7-submit\" type=\"submit\">Senden<\/button>\n<\/p><div class=\"wpcf7-response-output\" aria-hidden=\"true\"><\/div>\n<input type=\"hidden\" name=\"trp-form-language\" value=\"en\"\/><\/form>\n<\/div>\n        <\/div>\n    <\/div>\n<\/div><\/div><\/div>","protected":false},"excerpt":{"rendered":"Tagungsanfrage Wir freuen uns darauf, Ihr Seminar in unserem 4 Sterne Hotel rundum gelungen zu gestalten. Betreff * Firma\/Institution * Ihr Name * Ihre E-Mail-Adresse * Ihre Telefonnummer * Tagung von * Tagung bis * Personenanzahl * Raumauswahl &#8211; Bitte ausw\u00e4hlen &#8211;ParkblickJ\u00e4gerwinkelEichwaldHengstbergAmbienteSonstiges Business Pauschale * &#8211; Bitte ausw\u00e4hlen &#8211;Business Pauschale IBusiness Pauschale IIBusiness Pauschale III [...]","protected":false},"author":1,"featured_media":0,"parent":0,"menu_order":0,"comment_status":"closed","ping_status":"closed","template":"","meta":[],"_links":{"self":[{"href":"http:\/\/schwarzwald-sonnenhof.de\/en\/wp-json\/wp\/v2\/pages\/1885"}],"collection":[{"href":"http:\/\/schwarzwald-sonnenhof.de\/en\/wp-json\/wp\/v2\/pages"}],"about":[{"href":"http:\/\/schwarzwald-sonnenhof.de\/en\/wp-json\/wp\/v2\/types\/page"}],"author":[{"embeddable":true,"href":"http:\/\/schwarzwald-sonnenhof.de\/en\/wp-json\/wp\/v2\/users\/1"}],"replies":[{"embeddable":true,"href":"http:\/\/schwarzwald-sonnenhof.de\/en\/wp-json\/wp\/v2\/comments?post=1885"}],"version-history":[{"count":4,"href":"http:\/\/schwarzwald-sonnenhof.de\/en\/wp-json\/wp\/v2\/pages\/1885\/revisions"}],"predecessor-version":[{"id":1890,"href":"http:\/\/schwarzwald-sonnenhof.de\/en\/wp-json\/wp\/v2\/pages\/1885\/revisions\/1890"}],"wp:attachment":[{"href":"http:\/\/schwarzwald-sonnenhof.de\/en\/wp-json\/wp\/v2\/media?parent=1885"}],"curies":[{"name":"wp","href":"https:\/\/api.w.org\/{rel}","templated":true}]}}